{"id":771,"date":"2021-11-07T16:41:08","date_gmt":"2021-11-07T16:41:08","guid":{"rendered":"https:\/\/myfbalogistics.com\/?page_id=771"},"modified":"2021-11-07T17:55:37","modified_gmt":"2021-11-07T17:55:37","slug":"nuevo-almacen","status":"publish","type":"page","link":"https:\/\/myfbalogistics.com\/en\/nuevo-almacen\/","title":{"rendered":"Blog &#8211; Nuevo Almacen"},"content":{"rendered":"<div data-elementor-type=\"wp-page\" data-elementor-id=\"771\" class=\"elementor elementor-771\">\n\t\t\t\t\t\t<section class=\"elementor-section elementor-top-section elementor-element elementor-element-9651ae2 elementor-section-full_width elementor-section-height-default elementor-section-height-default\" data-id=\"9651ae2\" data-element_type=\"section\" data-settings=\"{&quot;background_background&quot;:&quot;classic&quot;}\">\n\t\t\t\t\t\t\t<div class=\"elementor-background-overlay\"><\/div>\n\t\t\t\t\t\t\t<div class=\"elementor-container elementor-column-gap-default\">\n\t\t\t\t\t<div class=\"elementor-column elementor-col-100 elementor-top-column elementor-element elementor-element-bac98e4\" data-id=\"bac98e4\" data-element_type=\"column\">\n\t\t\t<div class=\"elementor-widget-wrap elementor-element-populated\">\n\t\t\t\t\t\t<div class=\"elementor-element elementor-element-77c708b elementor-widget elementor-widget-heading\" data-id=\"77c708b\" data-element_type=\"widget\" data-widget_type=\"heading.default\">\n\t\t\t\t<div class=\"elementor-widget-container\">\n\t\t\t\t\t<h2 class=\"elementor-heading-title elementor-size-large\">New warehouse in Zaragoza, Spain<\/h2>\t\t\t\t<\/div>\n\t\t\t\t<\/div>\n\t\t\t\t<div class=\"elementor-element elementor-element-116aefb elementor-widget elementor-widget-spacer\" data-id=\"116aefb\" data-element_type=\"widget\" data-widget_type=\"spacer.default\">\n\t\t\t\t<div class=\"elementor-widget-container\">\n\t\t\t\t\t\t\t<div class=\"elementor-spacer\">\n\t\t\t<div class=\"elementor-spacer-inner\"><\/div>\n\t\t<\/div>\n\t\t\t\t\t\t<\/div>\n\t\t\t\t<\/div>\n\t\t\t\t\t<\/div>\n\t\t<\/div>\n\t\t\t\t\t<\/div>\n\t\t<\/section>\n\t\t\t\t<section class=\"elementor-section elementor-top-section elementor-element elementor-element-4613150 elementor-section-boxed elementor-section-height-default elementor-section-height-default\" data-id=\"4613150\" data-element_type=\"section\" data-settings=\"{&quot;background_background&quot;:&quot;classic&quot;}\">\n\t\t\t\t\t\t<div class=\"elementor-container elementor-column-gap-default\">\n\t\t\t\t\t<div class=\"elementor-column elementor-col-100 elementor-top-column elementor-element elementor-element-b97c17c\" data-id=\"b97c17c\" data-element_type=\"column\">\n\t\t\t<div class=\"elementor-widget-wrap elementor-element-populated\">\n\t\t\t\t\t\t<div class=\"elementor-element elementor-element-2a377da elementor-widget elementor-widget-heading\" data-id=\"2a377da\" data-element_type=\"widget\" data-widget_type=\"heading.default\">\n\t\t\t\t<div class=\"elementor-widget-container\">\n\t\t\t\t\t<h2 class=\"elementor-heading-title elementor-size-default\">Opening of our 2nd Prep Center in Spain<\/h2>\t\t\t\t<\/div>\n\t\t\t\t<\/div>\n\t\t\t\t<div class=\"elementor-element elementor-element-a70aa26 elementor-widget-divider--view-line elementor-widget elementor-widget-divider\" data-id=\"a70aa26\" data-element_type=\"widget\" data-widget_type=\"divider.default\">\n\t\t\t\t<div class=\"elementor-widget-container\">\n\t\t\t\t\t\t\t<div class=\"elementor-divider\">\n\t\t\t<span class=\"elementor-divider-separator\">\n\t\t\t\t\t\t<\/span>\n\t\t<\/div>\n\t\t\t\t\t\t<\/div>\n\t\t\t\t<\/div>\n\t\t\t\t<div class=\"elementor-element elementor-element-1f47112 elementor-widget elementor-widget-text-editor\" data-id=\"1f47112\" data-element_type=\"widget\" data-widget_type=\"text-editor.default\">\n\t\t\t\t<div class=\"elementor-widget-container\">\n\t\t\t\t\t\t\t\t\t<p>In October 2021 we open our 2nd Prep Center in Spain with more than 1.000m2 and two new preparation lines for Amazon FBA products<\/p><p>It has a unique location in Zaragoza, which is halfway between Madrid and Barcelona, where Amazon has its main fulfillment centers in Spain.<\/p>\t\t\t\t\t\t\t\t<\/div>\n\t\t\t\t<\/div>\n\t\t\t\t<div class=\"elementor-element elementor-element-97d279d elementor-widget elementor-widget-image\" data-id=\"97d279d\" data-element_type=\"widget\" data-widget_type=\"image.default\">\n\t\t\t\t<div class=\"elementor-widget-container\">\n\t\t\t\t\t\t\t\t\t\t\t\t\t\t\t<img fetchpriority=\"high\" decoding=\"async\" width=\"576\" height=\"1024\" src=\"https:\/\/myfbalogistics.com\/wp-content\/uploads\/2021\/09\/IMG_8278-576x1024.jpeg\" class=\"attachment-large size-large wp-image-616\" alt=\"\" srcset=\"https:\/\/myfbalogistics.com\/wp-content\/uploads\/2021\/09\/IMG_8278-576x1024.jpeg 576w, https:\/\/myfbalogistics.com\/wp-content\/uploads\/2021\/09\/IMG_8278-169x300.jpeg 169w, https:\/\/myfbalogistics.com\/wp-content\/uploads\/2021\/09\/IMG_8278-768x1365.jpeg 768w, https:\/\/myfbalogistics.com\/wp-content\/uploads\/2021\/09\/IMG_8278-864x1536.jpeg 864w, https:\/\/myfbalogistics.com\/wp-content\/uploads\/2021\/09\/IMG_8278-1152x2048.jpeg 1152w, https:\/\/myfbalogistics.com\/wp-content\/uploads\/2021\/09\/IMG_8278-7x12.jpeg 7w, https:\/\/myfbalogistics.com\/wp-content\/uploads\/2021\/09\/IMG_8278-scaled.jpeg 1440w\" sizes=\"(max-width: 576px) 100vw, 576px\" \/>\t\t\t\t\t\t\t\t\t\t\t\t\t\t\t<\/div>\n\t\t\t\t<\/div>\n\t\t\t\t<div class=\"elementor-element elementor-element-a423ce6 elementor-widget elementor-widget-text-editor\" data-id=\"a423ce6\" data-element_type=\"widget\" data-widget_type=\"text-editor.default\">\n\t\t\t\t<div class=\"elementor-widget-container\">\n\t\t\t\t\t\t\t\t\t<p><strong><span style=\"color: #ff9900;\"><a style=\"color: #ff9900;\" href=\"https:\/\/www.linkedin.com\/posts\/my-fba-logistics_amazon-amazonfba-ecommerce-activity-6845593338448539648-eIaN\">+info<\/a><\/span><\/strong><\/p>\t\t\t\t\t\t\t\t<\/div>\n\t\t\t\t<\/div>\n\t\t\t\t\t<\/div>\n\t\t<\/div>\n\t\t\t\t\t<\/div>\n\t\t<\/section>\n\t\t\t\t<section class=\"elementor-section elementor-top-section elementor-element elementor-element-ff82675 elementor-section-boxed elementor-section-height-default elementor-section-height-default elementor-invisible\" data-id=\"ff82675\" data-element_type=\"section\" data-settings=\"{&quot;background_background&quot;:&quot;gradient&quot;,&quot;animation&quot;:&quot;fadeInUp&quot;}\">\n\t\t\t\t\t\t\t<div class=\"elementor-background-overlay\"><\/div>\n\t\t\t\t\t\t\t<div class=\"elementor-container elementor-column-gap-default\">\n\t\t\t\t\t<div class=\"elementor-column elementor-col-50 elementor-top-column elementor-element elementor-element-f5ba5a8\" data-id=\"f5ba5a8\" data-element_type=\"column\">\n\t\t\t<div class=\"elementor-widget-wrap elementor-element-populated\">\n\t\t\t\t\t\t<div class=\"elementor-element elementor-element-be78b56 elementor-widget elementor-widget-heading\" data-id=\"be78b56\" data-element_type=\"widget\" data-widget_type=\"heading.default\">\n\t\t\t\t<div class=\"elementor-widget-container\">\n\t\t\t\t\t<h2 class=\"elementor-heading-title elementor-size-default\">Contact us<\/h2>\t\t\t\t<\/div>\n\t\t\t\t<\/div>\n\t\t\t\t<div class=\"elementor-element elementor-element-66d9a05 elementor-widget-divider--view-line elementor-widget elementor-widget-divider\" data-id=\"66d9a05\" data-element_type=\"widget\" data-widget_type=\"divider.default\">\n\t\t\t\t<div class=\"elementor-widget-container\">\n\t\t\t\t\t\t\t<div class=\"elementor-divider\">\n\t\t\t<span class=\"elementor-divider-separator\">\n\t\t\t\t\t\t<\/span>\n\t\t<\/div>\n\t\t\t\t\t\t<\/div>\n\t\t\t\t<\/div>\n\t\t\t\t<div class=\"elementor-element elementor-element-e5c6b47 elementor-widget elementor-widget-text-editor\" data-id=\"e5c6b47\" data-element_type=\"widget\" data-widget_type=\"text-editor.default\">\n\t\t\t\t<div class=\"elementor-widget-container\">\n\t\t\t\t\t\t\t\t\t<p style=\"text-align: left;\">We are you Amazon FBA Prep Center in Spain &amp; Europe<\/p><p style=\"text-align: left;\">We provide support to all kind of Amazon Sellers, streamlining its selling process and reducing lead times.<\/p><ul><li style=\"text-align: left;\">Online arbitrage<\/li><li style=\"text-align: left;\">Offline arbitrage\u00a0<\/li><li style=\"text-align: left;\">Private brands<\/li><li style=\"text-align: left;\">Wholesalers<\/li><\/ul><p style=\"text-align: left;\">Save money and time with our fulfillment solutions<\/p><p style=\"text-align: left;\">We are you Amazon FBA Prep Center.<\/p>\t\t\t\t\t\t\t\t<\/div>\n\t\t\t\t<\/div>\n\t\t\t\t\t<\/div>\n\t\t<\/div>\n\t\t\t\t<div class=\"elementor-column elementor-col-50 elementor-top-column elementor-element elementor-element-77e341e\" data-id=\"77e341e\" data-element_type=\"column\" data-settings=\"{&quot;background_background&quot;:&quot;classic&quot;}\">\n\t\t\t<div class=\"elementor-widget-wrap elementor-element-populated\">\n\t\t\t\t\t\t<div class=\"elementor-element elementor-element-ffc36ad elementor-widget elementor-widget-shortcode\" data-id=\"ffc36ad\" data-element_type=\"widget\" data-widget_type=\"shortcode.default\">\n\t\t\t\t<div class=\"elementor-widget-container\">\n\t\t\t\t\t\t\t<div class=\"elementor-shortcode\">\n<div class=\"wpcf7 no-js\" id=\"wpcf7-f30-o1\" lang=\"en-US\" dir=\"ltr\" data-wpcf7-id=\"30\">\n<div class=\"screen-reader-response\"><p role=\"status\" aria-live=\"polite\" aria-atomic=\"true\"><\/p> <ul><\/ul><\/div>\n<form action=\"\/en\/wp-json\/wp\/v2\/pages\/771#wpcf7-f30-o1\" method=\"post\" class=\"wpcf7-form init\" aria-label=\"Contact form\" novalidate=\"novalidate\" data-status=\"init\" data-trp-original-action=\"\/en\/wp-json\/wp\/v2\/pages\/771#wpcf7-f30-o1\">\n<div style=\"display: none;\">\n<input type=\"hidden\" name=\"_wpcf7\" value=\"30\" \/>\n<input type=\"hidden\" name=\"_wpcf7_version\" value=\"6.0.6\" \/>\n<input type=\"hidden\" name=\"_wpcf7_locale\" value=\"en_US\" \/>\n<input type=\"hidden\" name=\"_wpcf7_unit_tag\" value=\"wpcf7-f30-o1\" \/>\n<input type=\"hidden\" name=\"_wpcf7_container_post\" value=\"0\" \/>\n<input type=\"hidden\" name=\"_wpcf7_posted_data_hash\" value=\"\" \/>\n<\/div>\n<p><label> Your Name (required)<br \/>\n<span class=\"wpcf7-form-control-wrap\" data-name=\"your-name\"><input size=\"40\" maxlength=\"400\" class=\"wpcf7-form-control wpcf7-text wpcf7-validates-as-required\" aria-required=\"true\" aria-invalid=\"false\" value=\"\" type=\"text\" name=\"your-name\" \/><\/span> <\/label>\n<\/p>\n<p><label> Your Email (required)<br \/>\n<span class=\"wpcf7-form-control-wrap\" data-name=\"your-email\"><input size=\"40\" maxlength=\"400\" class=\"wpcf7-form-control wpcf7-email wpcf7-validates-as-required wpcf7-text wpcf7-validates-as-email\" aria-required=\"true\" aria-invalid=\"false\" value=\"\" type=\"email\" name=\"your-email\" \/><\/span> <\/label>\n<\/p>\n<p><label> Subject<br \/>\n<span class=\"wpcf7-form-control-wrap\" data-name=\"your-subject\"><input size=\"40\" maxlength=\"400\" class=\"wpcf7-form-control wpcf7-text\" aria-invalid=\"false\" value=\"\" type=\"text\" name=\"your-subject\" \/><\/span> <\/label>\n<\/p>\n<p><label> Your Message<br \/>\n<span class=\"wpcf7-form-control-wrap\" data-name=\"your-message\"><textarea cols=\"40\" rows=\"10\" maxlength=\"2000\" class=\"wpcf7-form-control wpcf7-textarea\" aria-invalid=\"false\" name=\"your-message\"><\/textarea><\/span> <\/label>\n<\/p>\n<p><input class=\"wpcf7-form-control wpcf7-submit has-spinner\" type=\"submit\" value=\"Send\" \/>\n<\/p><div class=\"wpcf7-response-output\" aria-hidden=\"true\"><\/div>\n<input type=\"hidden\" name=\"trp-form-language\" value=\"en\"\/><\/form>\n<\/div>\n\n\n<!--You need to download contact form 7 for this part to show properly--><\/div>\n\t\t\t\t\t\t<\/div>\n\t\t\t\t<\/div>\n\t\t\t\t\t<\/div>\n\t\t<\/div>\n\t\t\t\t\t<\/div>\n\t\t<\/section>\n\t\t\t\t<\/div>","protected":false},"excerpt":{"rendered":"<p>Nuevo almac\u00e9n my FBA Logistics en Zaragoza Nuestro segundo Prep Center en Zaragoza En Octubre 2021 estrenamos nuestro segundo almac\u00e9n en Espa\u00f1a que nos permite ampliar operaciones con m\u00e1s de 1.000m2 y dos nuevas cadenas de preparaci\u00f3n FBA para Amazon. Est\u00e1 situado en Zaragoza, a mitad de camino entre Madrid y Barcelona donde Amazon tiene [&hellip;]<\/p>","protected":false},"author":2,"featured_media":0,"parent":0,"menu_order":0,"comment_status":"closed","ping_status":"closed","template":"","meta":{"_monsterinsights_skip_tracking":false,"_monsterinsights_sitenote_active":false,"_monsterinsights_sitenote_note":"","_monsterinsights_sitenote_category":0,"ocean_post_layout":"full-screen","ocean_both_sidebars_style":"","ocean_both_sidebars_content_width":0,"ocean_both_sidebars_sidebars_width":0,"ocean_sidebar":"0","ocean_second_sidebar":"0","ocean_disable_margins":"enable","ocean_add_body_class":"","ocean_shortcode_before_top_bar":"","ocean_shortcode_after_top_bar":"","ocean_shortcode_before_header":"","ocean_shortcode_after_header":"","ocean_has_shortcode":"","ocean_shortcode_after_title":"","ocean_shortcode_before_footer_widgets":"","ocean_shortcode_after_footer_widgets":"","ocean_shortcode_before_footer_bottom":"","ocean_shortcode_after_footer_bottom":"","ocean_display_top_bar":"default","ocean_display_header":"default","ocean_header_style":"","ocean_center_header_left_menu":"0","ocean_custom_header_template":"0","ocean_custom_logo":0,"ocean_custom_retina_logo":0,"ocean_custom_logo_max_width":0,"ocean_custom_logo_tablet_max_width":0,"ocean_custom_logo_mobile_max_width":0,"ocean_custom_logo_max_height":0,"ocean_custom_logo_tablet_max_height":0,"ocean_custom_logo_mobile_max_height":0,"ocean_header_custom_menu":"0","ocean_menu_typo_font_family":"0","ocean_menu_typo_font_subset":"","ocean_menu_typo_font_size":0,"ocean_menu_typo_font_size_tablet":0,"ocean_menu_typo_font_size_mobile":0,"ocean_menu_typo_font_size_unit":"px","ocean_menu_typo_font_weight":"","ocean_menu_typo_font_weight_tablet":"","ocean_menu_typo_font_weight_mobile":"","ocean_menu_typo_transform":"","ocean_menu_typo_transform_tablet":"","ocean_menu_typo_transform_mobile":"","ocean_menu_typo_line_height":0,"ocean_menu_typo_line_height_tablet":0,"ocean_menu_typo_line_height_mobile":0,"ocean_menu_typo_line_height_unit":"","ocean_menu_typo_spacing":0,"ocean_menu_typo_spacing_tablet":0,"ocean_menu_typo_spacing_mobile":0,"ocean_menu_typo_spacing_unit":"","ocean_menu_link_color":"","ocean_menu_link_color_hover":"","ocean_menu_link_color_active":"","ocean_menu_link_background":"","ocean_menu_link_hover_background":"","ocean_menu_link_active_background":"","ocean_menu_social_links_bg":"","ocean_menu_social_hover_links_bg":"","ocean_menu_social_links_color":"","ocean_menu_social_hover_links_color":"","ocean_disable_title":"on","ocean_disable_heading":"default","ocean_post_title":"","ocean_post_subheading":"","ocean_post_title_style":"","ocean_post_title_background_color":"","ocean_post_title_background":0,"ocean_post_title_bg_image_position":"","ocean_post_title_bg_image_attachment":"","ocean_post_title_bg_image_repeat":"","ocean_post_title_bg_image_size":"","ocean_post_title_height":0,"ocean_post_title_bg_overlay":0.5,"ocean_post_title_bg_overlay_color":"","ocean_disable_breadcrumbs":"default","ocean_breadcrumbs_color":"","ocean_breadcrumbs_separator_color":"","ocean_breadcrumbs_links_color":"","ocean_breadcrumbs_links_hover_color":"","ocean_display_footer_widgets":"default","ocean_display_footer_bottom":"default","ocean_custom_footer_template":"0","_joinchat":[],"footnotes":""},"class_list":["post-771","page","type-page","status-publish","hentry","entry"],"yoast_head":"<!-- This site is optimized with the Yoast SEO plugin v26.9 - https:\/\/yoast.com\/product\/yoast-seo-wordpress\/ -->\n<title>Blog - Nuevo Almacen - my FBA Logistics<\/title>\n<meta name=\"robots\" content=\"index, follow, max-snippet:-1, max-image-preview:large, max-video-preview:-1\" \/>\n<link rel=\"canonical\" href=\"https:\/\/myfbalogistics.com\/en\/nuevo-almacen\/\" \/>\n<meta property=\"og:locale\" content=\"en_US\" \/>\n<meta property=\"og:type\" content=\"article\" \/>\n<meta property=\"og:title\" content=\"Blog - Nuevo Almacen - my FBA Logistics\" \/>\n<meta property=\"og:description\" content=\"Nuevo almac\u00e9n my FBA Logistics en Zaragoza Nuestro segundo Prep Center en Zaragoza En Octubre 2021 estrenamos nuestro segundo almac\u00e9n en Espa\u00f1a que nos permite ampliar operaciones con m\u00e1s de 1.000m2 y dos nuevas cadenas de preparaci\u00f3n FBA para Amazon. Est\u00e1 situado en Zaragoza, a mitad de camino entre Madrid y Barcelona donde Amazon tiene [&hellip;]\" \/>\n<meta property=\"og:url\" content=\"https:\/\/myfbalogistics.com\/en\/nuevo-almacen\/\" \/>\n<meta property=\"og:site_name\" content=\"my FBA Logistics\" \/>\n<meta property=\"article:modified_time\" content=\"2021-11-07T17:55:37+00:00\" \/>\n<meta property=\"og:image\" content=\"https:\/\/myfbalogistics.com\/wp-content\/uploads\/2021\/09\/IMG_8278-576x1024.jpeg\" \/>\n<meta name=\"twitter:card\" content=\"summary_large_image\" \/>\n<meta name=\"twitter:label1\" content=\"Est. reading time\" \/>\n\t<meta name=\"twitter:data1\" content=\"1 minute\" \/>\n<script type=\"application\/ld+json\" class=\"yoast-schema-graph\">{\"@context\":\"https:\/\/schema.org\",\"@graph\":[{\"@type\":\"WebPage\",\"@id\":\"https:\/\/myfbalogistics.com\/nuevo-almacen\/\",\"url\":\"https:\/\/myfbalogistics.com\/nuevo-almacen\/\",\"name\":\"Blog - Nuevo Almacen - my FBA Logistics\",\"isPartOf\":{\"@id\":\"https:\/\/myfbalogistics.com\/#website\"},\"primaryImageOfPage\":{\"@id\":\"https:\/\/myfbalogistics.com\/nuevo-almacen\/#primaryimage\"},\"image\":{\"@id\":\"https:\/\/myfbalogistics.com\/nuevo-almacen\/#primaryimage\"},\"thumbnailUrl\":\"https:\/\/myfbalogistics.com\/wp-content\/uploads\/2021\/09\/IMG_8278-576x1024.jpeg\",\"datePublished\":\"2021-11-07T16:41:08+00:00\",\"dateModified\":\"2021-11-07T17:55:37+00:00\",\"breadcrumb\":{\"@id\":\"https:\/\/myfbalogistics.com\/nuevo-almacen\/#breadcrumb\"},\"inLanguage\":\"en-US\",\"potentialAction\":[{\"@type\":\"ReadAction\",\"target\":[\"https:\/\/myfbalogistics.com\/nuevo-almacen\/\"]}]},{\"@type\":\"ImageObject\",\"inLanguage\":\"en-US\",\"@id\":\"https:\/\/myfbalogistics.com\/nuevo-almacen\/#primaryimage\",\"url\":\"https:\/\/myfbalogistics.com\/wp-content\/uploads\/2021\/09\/IMG_8278-576x1024.jpeg\",\"contentUrl\":\"https:\/\/myfbalogistics.com\/wp-content\/uploads\/2021\/09\/IMG_8278-576x1024.jpeg\"},{\"@type\":\"BreadcrumbList\",\"@id\":\"https:\/\/myfbalogistics.com\/nuevo-almacen\/#breadcrumb\",\"itemListElement\":[{\"@type\":\"ListItem\",\"position\":1,\"name\":\"Home\",\"item\":\"https:\/\/myfbalogistics.com\/\"},{\"@type\":\"ListItem\",\"position\":2,\"name\":\"Blog &#8211; Nuevo Almacen\"}]},{\"@type\":\"WebSite\",\"@id\":\"https:\/\/myfbalogistics.com\/#website\",\"url\":\"https:\/\/myfbalogistics.com\/\",\"name\":\"my FBA Logistics\",\"description\":\"Prep Center Amazon FBA Espa\u00f1a\",\"publisher\":{\"@id\":\"https:\/\/myfbalogistics.com\/#organization\"},\"potentialAction\":[{\"@type\":\"SearchAction\",\"target\":{\"@type\":\"EntryPoint\",\"urlTemplate\":\"https:\/\/myfbalogistics.com\/?s={search_term_string}\"},\"query-input\":{\"@type\":\"PropertyValueSpecification\",\"valueRequired\":true,\"valueName\":\"search_term_string\"}}],\"inLanguage\":\"en-US\"},{\"@type\":\"Organization\",\"@id\":\"https:\/\/myfbalogistics.com\/#organization\",\"name\":\"my FBA Logistics\",\"url\":\"https:\/\/myfbalogistics.com\/\",\"logo\":{\"@type\":\"ImageObject\",\"inLanguage\":\"en-US\",\"@id\":\"https:\/\/myfbalogistics.com\/#\/schema\/logo\/image\/\",\"url\":\"https:\/\/myfbalogistics.com\/wp-content\/uploads\/2020\/05\/LogoMakr_7PjcTw.png\",\"contentUrl\":\"https:\/\/myfbalogistics.com\/wp-content\/uploads\/2020\/05\/LogoMakr_7PjcTw.png\",\"width\":400,\"height\":89,\"caption\":\"my FBA Logistics\"},\"image\":{\"@id\":\"https:\/\/myfbalogistics.com\/#\/schema\/logo\/image\/\"}}]}<\/script>\n<!-- \/ Yoast SEO plugin. -->","yoast_head_json":{"title":"Blog - Nuevo Almacen - my FBA Logistics","robots":{"index":"index","follow":"follow","max-snippet":"max-snippet:-1","max-image-preview":"max-image-preview:large","max-video-preview":"max-video-preview:-1"},"canonical":"https:\/\/myfbalogistics.com\/en\/nuevo-almacen\/","og_locale":"en_US","og_type":"article","og_title":"Blog - Nuevo Almacen - my FBA Logistics","og_description":"Nuevo almac\u00e9n my FBA Logistics en Zaragoza Nuestro segundo Prep Center en Zaragoza En Octubre 2021 estrenamos nuestro segundo almac\u00e9n en Espa\u00f1a que nos permite ampliar operaciones con m\u00e1s de 1.000m2 y dos nuevas cadenas de preparaci\u00f3n FBA para Amazon. Est\u00e1 situado en Zaragoza, a mitad de camino entre Madrid y Barcelona donde Amazon tiene [&hellip;]","og_url":"https:\/\/myfbalogistics.com\/en\/nuevo-almacen\/","og_site_name":"my FBA Logistics","article_modified_time":"2021-11-07T17:55:37+00:00","og_image":[{"url":"https:\/\/myfbalogistics.com\/wp-content\/uploads\/2021\/09\/IMG_8278-576x1024.jpeg","type":"","width":"","height":""}],"twitter_card":"summary_large_image","twitter_misc":{"Est. reading time":"1 minute"},"schema":{"@context":"https:\/\/schema.org","@graph":[{"@type":"WebPage","@id":"https:\/\/myfbalogistics.com\/nuevo-almacen\/","url":"https:\/\/myfbalogistics.com\/nuevo-almacen\/","name":"Blog - Nuevo Almacen - my FBA Logistics","isPartOf":{"@id":"https:\/\/myfbalogistics.com\/#website"},"primaryImageOfPage":{"@id":"https:\/\/myfbalogistics.com\/nuevo-almacen\/#primaryimage"},"image":{"@id":"https:\/\/myfbalogistics.com\/nuevo-almacen\/#primaryimage"},"thumbnailUrl":"https:\/\/myfbalogistics.com\/wp-content\/uploads\/2021\/09\/IMG_8278-576x1024.jpeg","datePublished":"2021-11-07T16:41:08+00:00","dateModified":"2021-11-07T17:55:37+00:00","breadcrumb":{"@id":"https:\/\/myfbalogistics.com\/nuevo-almacen\/#breadcrumb"},"inLanguage":"en-US","potentialAction":[{"@type":"ReadAction","target":["https:\/\/myfbalogistics.com\/nuevo-almacen\/"]}]},{"@type":"ImageObject","inLanguage":"en-US","@id":"https:\/\/myfbalogistics.com\/nuevo-almacen\/#primaryimage","url":"https:\/\/myfbalogistics.com\/wp-content\/uploads\/2021\/09\/IMG_8278-576x1024.jpeg","contentUrl":"https:\/\/myfbalogistics.com\/wp-content\/uploads\/2021\/09\/IMG_8278-576x1024.jpeg"},{"@type":"BreadcrumbList","@id":"https:\/\/myfbalogistics.com\/nuevo-almacen\/#breadcrumb","itemListElement":[{"@type":"ListItem","position":1,"name":"Home","item":"https:\/\/myfbalogistics.com\/"},{"@type":"ListItem","position":2,"name":"Blog &#8211; Nuevo Almacen"}]},{"@type":"WebSite","@id":"https:\/\/myfbalogistics.com\/#website","url":"https:\/\/myfbalogistics.com\/","name":"my FBA Logistics","description":"Prep Center Amazon FBA Espa\u00f1a","publisher":{"@id":"https:\/\/myfbalogistics.com\/#organization"},"potentialAction":[{"@type":"SearchAction","target":{"@type":"EntryPoint","urlTemplate":"https:\/\/myfbalogistics.com\/?s={search_term_string}"},"query-input":{"@type":"PropertyValueSpecification","valueRequired":true,"valueName":"search_term_string"}}],"inLanguage":"en-US"},{"@type":"Organization","@id":"https:\/\/myfbalogistics.com\/#organization","name":"my FBA Logistics","url":"https:\/\/myfbalogistics.com\/","logo":{"@type":"ImageObject","inLanguage":"en-US","@id":"https:\/\/myfbalogistics.com\/#\/schema\/logo\/image\/","url":"https:\/\/myfbalogistics.com\/wp-content\/uploads\/2020\/05\/LogoMakr_7PjcTw.png","contentUrl":"https:\/\/myfbalogistics.com\/wp-content\/uploads\/2020\/05\/LogoMakr_7PjcTw.png","width":400,"height":89,"caption":"my FBA Logistics"},"image":{"@id":"https:\/\/myfbalogistics.com\/#\/schema\/logo\/image\/"}}]}},"_links":{"self":[{"href":"https:\/\/myfbalogistics.com\/en\/wp-json\/wp\/v2\/pages\/771","targetHints":{"allow":["GET"]}}],"collection":[{"href":"https:\/\/myfbalogistics.com\/en\/wp-json\/wp\/v2\/pages"}],"about":[{"href":"https:\/\/myfbalogistics.com\/en\/wp-json\/wp\/v2\/types\/page"}],"author":[{"embeddable":true,"href":"https:\/\/myfbalogistics.com\/en\/wp-json\/wp\/v2\/users\/2"}],"replies":[{"embeddable":true,"href":"https:\/\/myfbalogistics.com\/en\/wp-json\/wp\/v2\/comments?post=771"}],"version-history":[{"count":5,"href":"https:\/\/myfbalogistics.com\/en\/wp-json\/wp\/v2\/pages\/771\/revisions"}],"predecessor-version":[{"id":799,"href":"https:\/\/myfbalogistics.com\/en\/wp-json\/wp\/v2\/pages\/771\/revisions\/799"}],"wp:attachment":[{"href":"https:\/\/myfbalogistics.com\/en\/wp-json\/wp\/v2\/media?parent=771"}],"curies":[{"name":"wp","href":"https:\/\/api.w.org\/{rel}","templated":true}]}}