{"id":677,"date":"2021-11-02T19:16:02","date_gmt":"2021-11-02T19:16:02","guid":{"rendered":"https:\/\/myfbalogistics.com\/?page_id=677"},"modified":"2022-02-05T07:50:08","modified_gmt":"2022-02-05T07:50:08","slug":"blog","status":"publish","type":"page","link":"https:\/\/myfbalogistics.com\/en\/blog\/","title":{"rendered":"Blog"},"content":{"rendered":"<div data-elementor-type=\"wp-page\" data-elementor-id=\"677\" class=\"elementor elementor-677\">\n\t\t\t\t\t\t<section class=\"elementor-section elementor-top-section elementor-element elementor-element-0d85ff1 elementor-section-full_width elementor-section-height-default elementor-section-height-default\" data-id=\"0d85ff1\" data-element_type=\"section\" data-settings=\"{&quot;background_background&quot;:&quot;classic&quot;}\">\n\t\t\t\t\t\t\t<div class=\"elementor-background-overlay\"><\/div>\n\t\t\t\t\t\t\t<div class=\"elementor-container elementor-column-gap-default\">\n\t\t\t\t\t<div class=\"elementor-column elementor-col-100 elementor-top-column elementor-element elementor-element-ccfdef4\" data-id=\"ccfdef4\" data-element_type=\"column\">\n\t\t\t<div class=\"elementor-widget-wrap elementor-element-populated\">\n\t\t\t\t\t\t<div class=\"elementor-element elementor-element-9a2030b elementor-widget elementor-widget-heading\" data-id=\"9a2030b\" data-element_type=\"widget\" data-widget_type=\"heading.default\">\n\t\t\t\t<div class=\"elementor-widget-container\">\n\t\t\t\t\t<h2 class=\"elementor-heading-title elementor-size-large\">Blog<\/h2>\t\t\t\t<\/div>\n\t\t\t\t<\/div>\n\t\t\t\t<div class=\"elementor-element elementor-element-4be2e57 elementor-widget elementor-widget-spacer\" data-id=\"4be2e57\" data-element_type=\"widget\" data-widget_type=\"spacer.default\">\n\t\t\t\t<div class=\"elementor-widget-container\">\n\t\t\t\t\t\t\t<div class=\"elementor-spacer\">\n\t\t\t<div class=\"elementor-spacer-inner\"><\/div>\n\t\t<\/div>\n\t\t\t\t\t\t<\/div>\n\t\t\t\t<\/div>\n\t\t\t\t\t<\/div>\n\t\t<\/div>\n\t\t\t\t\t<\/div>\n\t\t<\/section>\n\t\t\t\t<section class=\"elementor-section elementor-top-section elementor-element elementor-element-5d02f91 elementor-section-boxed elementor-section-height-default elementor-section-height-default\" data-id=\"5d02f91\" data-element_type=\"section\" data-settings=\"{&quot;background_background&quot;:&quot;classic&quot;}\">\n\t\t\t\t\t\t<div class=\"elementor-container elementor-column-gap-default\">\n\t\t\t\t\t<div class=\"elementor-column elementor-col-100 elementor-top-column elementor-element elementor-element-1a87107\" data-id=\"1a87107\" data-element_type=\"column\">\n\t\t\t<div class=\"elementor-widget-wrap elementor-element-populated\">\n\t\t\t\t\t\t<section class=\"elementor-section elementor-inner-section elementor-element elementor-element-8d8eeb9 elementor-section-boxed elementor-section-height-default elementor-section-height-default\" data-id=\"8d8eeb9\" data-element_type=\"section\" data-settings=\"{&quot;background_background&quot;:&quot;classic&quot;}\">\n\t\t\t\t\t\t<div class=\"elementor-container elementor-column-gap-default\">\n\t\t\t\t\t<div class=\"elementor-column elementor-col-33 elementor-inner-column elementor-element elementor-element-e49376e\" data-id=\"e49376e\" data-element_type=\"column\" data-settings=\"{&quot;background_background&quot;:&quot;classic&quot;}\">\n\t\t\t<div class=\"elementor-widget-wrap elementor-element-populated\">\n\t\t\t\t\t\t<div class=\"elementor-element elementor-element-44b5646 elementor-widget elementor-widget-image\" data-id=\"44b5646\" data-element_type=\"widget\" data-widget_type=\"image.default\">\n\t\t\t\t<div class=\"elementor-widget-container\">\n\t\t\t\t\t\t\t\t\t\t\t\t\t\t\t\t<a href=\"https:\/\/myfbalogistics.com\/en\/blog-pymes-espanolas-amazon\/\">\n\t\t\t\t\t\t\t<img fetchpriority=\"high\" decoding=\"async\" width=\"1024\" height=\"596\" src=\"https:\/\/myfbalogistics.com\/wp-content\/uploads\/2020\/05\/study-footer-1024x596.jpg\" class=\"attachment-large size-large wp-image-210\" alt=\"\" srcset=\"https:\/\/myfbalogistics.com\/wp-content\/uploads\/2020\/05\/study-footer-1024x596.jpg 1024w, https:\/\/myfbalogistics.com\/wp-content\/uploads\/2020\/05\/study-footer-300x175.jpg 300w, https:\/\/myfbalogistics.com\/wp-content\/uploads\/2020\/05\/study-footer-768x447.jpg 768w, https:\/\/myfbalogistics.com\/wp-content\/uploads\/2020\/05\/study-footer-1536x895.jpg 1536w, https:\/\/myfbalogistics.com\/wp-content\/uploads\/2020\/05\/study-footer.jpg 1600w\" sizes=\"(max-width: 1024px) 100vw, 1024px\" \/>\t\t\t\t\t\t\t\t<\/a>\n\t\t\t\t\t\t\t\t\t\t\t\t\t\t\t<\/div>\n\t\t\t\t<\/div>\n\t\t\t\t<div class=\"elementor-element elementor-element-19b3fe4 elementor-widget elementor-widget-text-editor\" data-id=\"19b3fe4\" data-element_type=\"widget\" data-widget_type=\"text-editor.default\">\n\t\t\t\t<div class=\"elementor-widget-container\">\n\t\t\t\t\t\t\t\t\t<p>Enero 2022<\/p>\t\t\t\t\t\t\t\t<\/div>\n\t\t\t\t<\/div>\n\t\t\t\t<div class=\"elementor-element elementor-element-ee27540 elementor-widget elementor-widget-heading\" data-id=\"ee27540\" data-element_type=\"widget\" data-widget_type=\"heading.default\">\n\t\t\t\t<div class=\"elementor-widget-container\">\n\t\t\t\t\t<h2 class=\"elementor-heading-title elementor-size-default\"><a href=\"https:\/\/myfbalogistics.com\/en\/blog-pymes-espanolas-amazon\/\">El \u00e9xito de las PYMES espa\u00f1olas en Amazon<\/a><\/h2>\t\t\t\t<\/div>\n\t\t\t\t<\/div>\n\t\t\t\t<div class=\"elementor-element elementor-element-040df35 elementor-widget elementor-widget-text-editor\" data-id=\"040df35\" data-element_type=\"widget\" data-widget_type=\"text-editor.default\">\n\t\t\t\t<div class=\"elementor-widget-container\">\n\t\t\t\t\t\t\t\t\t<p>Report Amazon Espa\u00f1a 2020<\/p>\t\t\t\t\t\t\t\t<\/div>\n\t\t\t\t<\/div>\n\t\t\t\t\t<\/div>\n\t\t<\/div>\n\t\t\t\t<div class=\"elementor-column elementor-col-33 elementor-inner-column elementor-element elementor-element-dc94401\" data-id=\"dc94401\" data-element_type=\"column\" data-settings=\"{&quot;background_background&quot;:&quot;classic&quot;}\">\n\t\t\t<div class=\"elementor-widget-wrap elementor-element-populated\">\n\t\t\t\t\t\t<div class=\"elementor-element elementor-element-3e50be1 elementor-widget elementor-widget-image\" data-id=\"3e50be1\" data-element_type=\"widget\" data-widget_type=\"image.default\">\n\t\t\t\t<div class=\"elementor-widget-container\">\n\t\t\t\t\t\t\t\t\t\t\t\t\t\t\t\t<a href=\"https:\/\/myfbalogistics.com\/en\/blog-prep-center\/\">\n\t\t\t\t\t\t\t<img decoding=\"async\" width=\"1024\" height=\"683\" src=\"https:\/\/myfbalogistics.com\/wp-content\/uploads\/2020\/05\/AdobeStock_315019515-1024x683.jpeg\" class=\"attachment-large size-large wp-image-74\" alt=\"\" srcset=\"https:\/\/myfbalogistics.com\/wp-content\/uploads\/2020\/05\/AdobeStock_315019515-1024x683.jpeg 1024w, https:\/\/myfbalogistics.com\/wp-content\/uploads\/2020\/05\/AdobeStock_315019515-300x200.jpeg 300w, https:\/\/myfbalogistics.com\/wp-content\/uploads\/2020\/05\/AdobeStock_315019515-768x512.jpeg 768w, https:\/\/myfbalogistics.com\/wp-content\/uploads\/2020\/05\/AdobeStock_315019515-1536x1024.jpeg 1536w, https:\/\/myfbalogistics.com\/wp-content\/uploads\/2020\/05\/AdobeStock_315019515-2048x1365.jpeg 2048w\" sizes=\"(max-width: 1024px) 100vw, 1024px\" \/>\t\t\t\t\t\t\t\t<\/a>\n\t\t\t\t\t\t\t\t\t\t\t\t\t\t\t<\/div>\n\t\t\t\t<\/div>\n\t\t\t\t<div class=\"elementor-element elementor-element-7c9bfb3 elementor-widget elementor-widget-text-editor\" data-id=\"7c9bfb3\" data-element_type=\"widget\" data-widget_type=\"text-editor.default\">\n\t\t\t\t<div class=\"elementor-widget-container\">\n\t\t\t\t\t\t\t\t\t<p>December 2021<\/p>\t\t\t\t\t\t\t\t<\/div>\n\t\t\t\t<\/div>\n\t\t\t\t<div class=\"elementor-element elementor-element-89d0199 elementor-widget elementor-widget-heading\" data-id=\"89d0199\" data-element_type=\"widget\" data-widget_type=\"heading.default\">\n\t\t\t\t<div class=\"elementor-widget-container\">\n\t\t\t\t\t<h2 class=\"elementor-heading-title elementor-size-default\"><a href=\"https:\/\/myfbalogistics.com\/en\/blog-prep-center\/\">Prep Center FBA | What is all about?<\/a><\/h2>\t\t\t\t<\/div>\n\t\t\t\t<\/div>\n\t\t\t\t<div class=\"elementor-element elementor-element-102d59c elementor-widget elementor-widget-text-editor\" data-id=\"102d59c\" data-element_type=\"widget\" data-widget_type=\"text-editor.default\">\n\t\t\t\t<div class=\"elementor-widget-container\">\n\t\t\t\t\t\t\t\t\t<p>Purpose and main characteristics of a Prep Center for Amazon and other marketplaces<\/p>\t\t\t\t\t\t\t\t<\/div>\n\t\t\t\t<\/div>\n\t\t\t\t\t<\/div>\n\t\t<\/div>\n\t\t\t\t<div class=\"elementor-column elementor-col-33 elementor-inner-column elementor-element elementor-element-0af12df\" data-id=\"0af12df\" data-element_type=\"column\" data-settings=\"{&quot;background_background&quot;:&quot;classic&quot;}\">\n\t\t\t<div class=\"elementor-widget-wrap elementor-element-populated\">\n\t\t\t\t\t\t<div class=\"elementor-element elementor-element-1d10e6d elementor-widget elementor-widget-image\" data-id=\"1d10e6d\" data-element_type=\"widget\" data-widget_type=\"image.default\">\n\t\t\t\t<div class=\"elementor-widget-container\">\n\t\t\t\t\t\t\t\t\t\t\t\t\t\t\t\t<a href=\"https:\/\/myfbalogistics.com\/en\/nuevo-almacen\/\">\n\t\t\t\t\t\t\t<img decoding=\"async\" width=\"1024\" height=\"576\" src=\"https:\/\/myfbalogistics.com\/wp-content\/uploads\/2021\/09\/20210926_141658-1024x576.jpg\" class=\"attachment-large size-large wp-image-672\" alt=\"\" srcset=\"https:\/\/myfbalogistics.com\/wp-content\/uploads\/2021\/09\/20210926_141658-1024x576.jpg 1024w, https:\/\/myfbalogistics.com\/wp-content\/uploads\/2021\/09\/20210926_141658-300x169.jpg 300w, https:\/\/myfbalogistics.com\/wp-content\/uploads\/2021\/09\/20210926_141658-768x432.jpg 768w, https:\/\/myfbalogistics.com\/wp-content\/uploads\/2021\/09\/20210926_141658-1536x864.jpg 1536w, https:\/\/myfbalogistics.com\/wp-content\/uploads\/2021\/09\/20210926_141658-2048x1152.jpg 2048w, https:\/\/myfbalogistics.com\/wp-content\/uploads\/2021\/09\/20210926_141658-18x10.jpg 18w\" sizes=\"(max-width: 1024px) 100vw, 1024px\" \/>\t\t\t\t\t\t\t\t<\/a>\n\t\t\t\t\t\t\t\t\t\t\t\t\t\t\t<\/div>\n\t\t\t\t<\/div>\n\t\t\t\t<div class=\"elementor-element elementor-element-c6258fa elementor-widget elementor-widget-text-editor\" data-id=\"c6258fa\" data-element_type=\"widget\" data-widget_type=\"text-editor.default\">\n\t\t\t\t<div class=\"elementor-widget-container\">\n\t\t\t\t\t\t\t\t\t<p>November 2021<\/p>\t\t\t\t\t\t\t\t<\/div>\n\t\t\t\t<\/div>\n\t\t\t\t<div class=\"elementor-element elementor-element-d419d61 elementor-widget elementor-widget-heading\" data-id=\"d419d61\" data-element_type=\"widget\" data-widget_type=\"heading.default\">\n\t\t\t\t<div class=\"elementor-widget-container\">\n\t\t\t\t\t<h2 class=\"elementor-heading-title elementor-size-default\"><a href=\"https:\/\/myfbalogistics.com\/en\/nuevo-almacen\/\">My FBA Logistics opens a new warehouse in Zaragoza, Spain<\/a><\/h2>\t\t\t\t<\/div>\n\t\t\t\t<\/div>\n\t\t\t\t<div class=\"elementor-element elementor-element-38a1525 elementor-widget elementor-widget-text-editor\" data-id=\"38a1525\" data-element_type=\"widget\" data-widget_type=\"text-editor.default\">\n\t\t\t\t<div class=\"elementor-widget-container\">\n\t\t\t\t\t\t\t\t\t<p>We will show you the main features of our new 1.000m2 warehouse<\/p>\t\t\t\t\t\t\t\t<\/div>\n\t\t\t\t<\/div>\n\t\t\t\t\t<\/div>\n\t\t<\/div>\n\t\t\t\t\t<\/div>\n\t\t<\/section>\n\t\t\t\t<section class=\"elementor-section elementor-inner-section elementor-element elementor-element-3f5ebe1 elementor-section-boxed elementor-section-height-default elementor-section-height-default\" data-id=\"3f5ebe1\" data-element_type=\"section\" data-settings=\"{&quot;background_background&quot;:&quot;classic&quot;}\">\n\t\t\t\t\t\t<div class=\"elementor-container elementor-column-gap-default\">\n\t\t\t\t\t<div class=\"elementor-column elementor-col-33 elementor-inner-column elementor-element elementor-element-98d458a\" data-id=\"98d458a\" data-element_type=\"column\" data-settings=\"{&quot;background_background&quot;:&quot;classic&quot;}\">\n\t\t\t<div class=\"elementor-widget-wrap elementor-element-populated\">\n\t\t\t\t\t\t<div class=\"elementor-element elementor-element-1401437 elementor-widget elementor-widget-image\" data-id=\"1401437\" data-element_type=\"widget\" data-widget_type=\"image.default\">\n\t\t\t\t<div class=\"elementor-widget-container\">\n\t\t\t\t\t\t\t\t\t\t\t\t\t\t\t\t<a href=\"https:\/\/myfbalogistics.com\/en\/fba-alternativa\/\">\n\t\t\t\t\t\t\t<img loading=\"lazy\" decoding=\"async\" width=\"1024\" height=\"900\" src=\"https:\/\/myfbalogistics.com\/wp-content\/uploads\/2021\/02\/AdobeStock_226349226-1024x900.jpeg\" class=\"attachment-large size-large wp-image-384\" alt=\"\" srcset=\"https:\/\/myfbalogistics.com\/wp-content\/uploads\/2021\/02\/AdobeStock_226349226-1024x900.jpeg 1024w, https:\/\/myfbalogistics.com\/wp-content\/uploads\/2021\/02\/AdobeStock_226349226-300x264.jpeg 300w, https:\/\/myfbalogistics.com\/wp-content\/uploads\/2021\/02\/AdobeStock_226349226-768x675.jpeg 768w, https:\/\/myfbalogistics.com\/wp-content\/uploads\/2021\/02\/AdobeStock_226349226-1536x1350.jpeg 1536w, https:\/\/myfbalogistics.com\/wp-content\/uploads\/2021\/02\/AdobeStock_226349226.jpeg 1920w\" sizes=\"(max-width: 1024px) 100vw, 1024px\" \/>\t\t\t\t\t\t\t\t<\/a>\n\t\t\t\t\t\t\t\t\t\t\t\t\t\t\t<\/div>\n\t\t\t\t<\/div>\n\t\t\t\t<div class=\"elementor-element elementor-element-40841d9 elementor-widget elementor-widget-text-editor\" data-id=\"40841d9\" data-element_type=\"widget\" data-widget_type=\"text-editor.default\">\n\t\t\t\t<div class=\"elementor-widget-container\">\n\t\t\t\t\t\t\t\t\t<p>June 2021<\/p>\t\t\t\t\t\t\t\t<\/div>\n\t\t\t\t<\/div>\n\t\t\t\t<div class=\"elementor-element elementor-element-3d4124d elementor-widget elementor-widget-heading\" data-id=\"3d4124d\" data-element_type=\"widget\" data-widget_type=\"heading.default\">\n\t\t\t\t<div class=\"elementor-widget-container\">\n\t\t\t\t\t<h2 class=\"elementor-heading-title elementor-size-default\"><a href=\"https:\/\/myfbalogistics.com\/en\/fba-alternativa\/\">Amazon FBA | What's this all about?<\/a><\/h2>\t\t\t\t<\/div>\n\t\t\t\t<\/div>\n\t\t\t\t<div class=\"elementor-element elementor-element-1d221ac elementor-widget elementor-widget-text-editor\" data-id=\"1d221ac\" data-element_type=\"widget\" data-widget_type=\"text-editor.default\">\n\t\t\t\t<div class=\"elementor-widget-container\">\n\t\t\t\t\t\t\t\t\t<p>In this post we will talk about the pros and cons of Amazon FBA<\/p>\t\t\t\t\t\t\t\t<\/div>\n\t\t\t\t<\/div>\n\t\t\t\t\t<\/div>\n\t\t<\/div>\n\t\t\t\t<div class=\"elementor-column elementor-col-33 elementor-inner-column elementor-element elementor-element-8f1a295\" data-id=\"8f1a295\" data-element_type=\"column\">\n\t\t\t<div class=\"elementor-widget-wrap\">\n\t\t\t\t\t\t\t<\/div>\n\t\t<\/div>\n\t\t\t\t<div class=\"elementor-column elementor-col-33 elementor-inner-column elementor-element elementor-element-41e70da\" data-id=\"41e70da\" data-element_type=\"column\">\n\t\t\t<div class=\"elementor-widget-wrap\">\n\t\t\t\t\t\t\t<\/div>\n\t\t<\/div>\n\t\t\t\t\t<\/div>\n\t\t<\/section>\n\t\t\t\t\t<\/div>\n\t\t<\/div>\n\t\t\t\t\t<\/div>\n\t\t<\/section>\n\t\t\t\t<\/div>","protected":false},"excerpt":{"rendered":"<p>Blog Enero 2022 El \u00e9xito de las PYMES espa\u00f1olas en Amazon Report Amazon Espa\u00f1a 2020 Diciembre 2021 Prep Center FBA | Qu\u00e9 es? Misi\u00f3n y caracter\u00edsticas de un Prep Center FBA para Amazon y otros marketplaces Noviembre 2021 My FBA Logistics estrena nuevo almac\u00e9n en Zaragoza Te mostramos nuestro segundo almac\u00e9n en Zaragoza con mas [&hellip;]<\/p>","protected":false},"author":2,"featured_media":0,"parent":0,"menu_order":0,"comment_status":"closed","ping_status":"closed","template":"","meta":{"_monsterinsights_skip_tracking":false,"_monsterinsights_sitenote_active":false,"_monsterinsights_sitenote_note":"","_monsterinsights_sitenote_category":0,"ocean_post_layout":"full-screen","ocean_both_sidebars_style":"","ocean_both_sidebars_content_width":0,"ocean_both_sidebars_sidebars_width":0,"ocean_sidebar":"0","ocean_second_sidebar":"0","ocean_disable_margins":"enable","ocean_add_body_class":"","ocean_shortcode_before_top_bar":"","ocean_shortcode_after_top_bar":"","ocean_shortcode_before_header":"","ocean_shortcode_after_header":"","ocean_has_shortcode":"","ocean_shortcode_after_title":"","ocean_shortcode_before_footer_widgets":"","ocean_shortcode_after_footer_widgets":"","ocean_shortcode_before_footer_bottom":"","ocean_shortcode_after_footer_bottom":"","ocean_display_top_bar":"default","ocean_display_header":"default","ocean_header_style":"","ocean_center_header_left_menu":"0","ocean_custom_header_template":"0","ocean_custom_logo":0,"ocean_custom_retina_logo":0,"ocean_custom_logo_max_width":0,"ocean_custom_logo_tablet_max_width":0,"ocean_custom_logo_mobile_max_width":0,"ocean_custom_logo_max_height":0,"ocean_custom_logo_tablet_max_height":0,"ocean_custom_logo_mobile_max_height":0,"ocean_header_custom_menu":"0","ocean_menu_typo_font_family":"0","ocean_menu_typo_font_subset":"","ocean_menu_typo_font_size":0,"ocean_menu_typo_font_size_tablet":0,"ocean_menu_typo_font_size_mobile":0,"ocean_menu_typo_font_size_unit":"px","ocean_menu_typo_font_weight":"","ocean_menu_typo_font_weight_tablet":"","ocean_menu_typo_font_weight_mobile":"","ocean_menu_typo_transform":"","ocean_menu_typo_transform_tablet":"","ocean_menu_typo_transform_mobile":"","ocean_menu_typo_line_height":0,"ocean_menu_typo_line_height_tablet":0,"ocean_menu_typo_line_height_mobile":0,"ocean_menu_typo_line_height_unit":"","ocean_menu_typo_spacing":0,"ocean_menu_typo_spacing_tablet":0,"ocean_menu_typo_spacing_mobile":0,"ocean_menu_typo_spacing_unit":"","ocean_menu_link_color":"","ocean_menu_link_color_hover":"","ocean_menu_link_color_active":"","ocean_menu_link_background":"","ocean_menu_link_hover_background":"","ocean_menu_link_active_background":"","ocean_menu_social_links_bg":"","ocean_menu_social_hover_links_bg":"","ocean_menu_social_links_color":"","ocean_menu_social_hover_links_color":"","ocean_disable_title":"on","ocean_disable_heading":"default","ocean_post_title":"","ocean_post_subheading":"","ocean_post_title_style":"","ocean_post_title_background_color":"","ocean_post_title_background":0,"ocean_post_title_bg_image_position":"","ocean_post_title_bg_image_attachment":"","ocean_post_title_bg_image_repeat":"","ocean_post_title_bg_image_size":"","ocean_post_title_height":0,"ocean_post_title_bg_overlay":0.5,"ocean_post_title_bg_overlay_color":"","ocean_disable_breadcrumbs":"default","ocean_breadcrumbs_color":"","ocean_breadcrumbs_separator_color":"","ocean_breadcrumbs_links_color":"","ocean_breadcrumbs_links_hover_color":"","ocean_display_footer_widgets":"default","ocean_display_footer_bottom":"default","ocean_custom_footer_template":"0","_joinchat":[],"footnotes":""},"class_list":["post-677","page","type-page","status-publish","hentry","entry"],"yoast_head":"<!-- This site is optimized with the Yoast SEO plugin v26.9 - https:\/\/yoast.com\/product\/yoast-seo-wordpress\/ -->\n<title>Blog - my FBA Logistics<\/title>\n<meta name=\"robots\" content=\"index, follow, max-snippet:-1, max-image-preview:large, max-video-preview:-1\" \/>\n<link rel=\"canonical\" href=\"https:\/\/myfbalogistics.com\/en\/blog\/\" \/>\n<meta property=\"og:locale\" content=\"en_US\" \/>\n<meta property=\"og:type\" content=\"article\" \/>\n<meta property=\"og:title\" content=\"Blog - my FBA Logistics\" \/>\n<meta property=\"og:description\" content=\"Blog Enero 2022 El \u00e9xito de las PYMES espa\u00f1olas en Amazon Report Amazon Espa\u00f1a 2020 Diciembre 2021 Prep Center FBA | Qu\u00e9 es? Misi\u00f3n y caracter\u00edsticas de un Prep Center FBA para Amazon y otros marketplaces Noviembre 2021 My FBA Logistics estrena nuevo almac\u00e9n en Zaragoza Te mostramos nuestro segundo almac\u00e9n en Zaragoza con mas [&hellip;]\" \/>\n<meta property=\"og:url\" content=\"https:\/\/myfbalogistics.com\/en\/blog\/\" \/>\n<meta property=\"og:site_name\" content=\"my FBA Logistics\" \/>\n<meta property=\"article:modified_time\" content=\"2022-02-05T07:50:08+00:00\" \/>\n<meta property=\"og:image\" content=\"https:\/\/myfbalogistics.com\/wp-content\/uploads\/2020\/05\/study-footer-1024x596.jpg\" \/>\n<meta name=\"twitter:card\" content=\"summary_large_image\" \/>\n<meta name=\"twitter:label1\" content=\"Est. reading time\" \/>\n\t<meta name=\"twitter:data1\" content=\"2 minutes\" \/>\n<script type=\"application\/ld+json\" class=\"yoast-schema-graph\">{\"@context\":\"https:\/\/schema.org\",\"@graph\":[{\"@type\":\"WebPage\",\"@id\":\"https:\/\/myfbalogistics.com\/blog\/\",\"url\":\"https:\/\/myfbalogistics.com\/blog\/\",\"name\":\"Blog - my FBA Logistics\",\"isPartOf\":{\"@id\":\"https:\/\/myfbalogistics.com\/#website\"},\"primaryImageOfPage\":{\"@id\":\"https:\/\/myfbalogistics.com\/blog\/#primaryimage\"},\"image\":{\"@id\":\"https:\/\/myfbalogistics.com\/blog\/#primaryimage\"},\"thumbnailUrl\":\"https:\/\/myfbalogistics.com\/wp-content\/uploads\/2020\/05\/study-footer-1024x596.jpg\",\"datePublished\":\"2021-11-02T19:16:02+00:00\",\"dateModified\":\"2022-02-05T07:50:08+00:00\",\"breadcrumb\":{\"@id\":\"https:\/\/myfbalogistics.com\/blog\/#breadcrumb\"},\"inLanguage\":\"en-US\",\"potentialAction\":[{\"@type\":\"ReadAction\",\"target\":[\"https:\/\/myfbalogistics.com\/blog\/\"]}]},{\"@type\":\"ImageObject\",\"inLanguage\":\"en-US\",\"@id\":\"https:\/\/myfbalogistics.com\/blog\/#primaryimage\",\"url\":\"https:\/\/myfbalogistics.com\/wp-content\/uploads\/2020\/05\/study-footer-1024x596.jpg\",\"contentUrl\":\"https:\/\/myfbalogistics.com\/wp-content\/uploads\/2020\/05\/study-footer-1024x596.jpg\"},{\"@type\":\"BreadcrumbList\",\"@id\":\"https:\/\/myfbalogistics.com\/blog\/#breadcrumb\",\"itemListElement\":[{\"@type\":\"ListItem\",\"position\":1,\"name\":\"Home\",\"item\":\"https:\/\/myfbalogistics.com\/\"},{\"@type\":\"ListItem\",\"position\":2,\"name\":\"Blog\"}]},{\"@type\":\"WebSite\",\"@id\":\"https:\/\/myfbalogistics.com\/#website\",\"url\":\"https:\/\/myfbalogistics.com\/\",\"name\":\"my FBA Logistics\",\"description\":\"Prep Center Amazon FBA Espa\u00f1a\",\"publisher\":{\"@id\":\"https:\/\/myfbalogistics.com\/#organization\"},\"potentialAction\":[{\"@type\":\"SearchAction\",\"target\":{\"@type\":\"EntryPoint\",\"urlTemplate\":\"https:\/\/myfbalogistics.com\/?s={search_term_string}\"},\"query-input\":{\"@type\":\"PropertyValueSpecification\",\"valueRequired\":true,\"valueName\":\"search_term_string\"}}],\"inLanguage\":\"en-US\"},{\"@type\":\"Organization\",\"@id\":\"https:\/\/myfbalogistics.com\/#organization\",\"name\":\"my FBA Logistics\",\"url\":\"https:\/\/myfbalogistics.com\/\",\"logo\":{\"@type\":\"ImageObject\",\"inLanguage\":\"en-US\",\"@id\":\"https:\/\/myfbalogistics.com\/#\/schema\/logo\/image\/\",\"url\":\"https:\/\/myfbalogistics.com\/wp-content\/uploads\/2020\/05\/LogoMakr_7PjcTw.png\",\"contentUrl\":\"https:\/\/myfbalogistics.com\/wp-content\/uploads\/2020\/05\/LogoMakr_7PjcTw.png\",\"width\":400,\"height\":89,\"caption\":\"my FBA Logistics\"},\"image\":{\"@id\":\"https:\/\/myfbalogistics.com\/#\/schema\/logo\/image\/\"}}]}<\/script>\n<!-- \/ Yoast SEO plugin. -->","yoast_head_json":{"title":"Blog - my FBA Logistics","robots":{"index":"index","follow":"follow","max-snippet":"max-snippet:-1","max-image-preview":"max-image-preview:large","max-video-preview":"max-video-preview:-1"},"canonical":"https:\/\/myfbalogistics.com\/en\/blog\/","og_locale":"en_US","og_type":"article","og_title":"Blog - my FBA Logistics","og_description":"Blog Enero 2022 El \u00e9xito de las PYMES espa\u00f1olas en Amazon Report Amazon Espa\u00f1a 2020 Diciembre 2021 Prep Center FBA | Qu\u00e9 es? Misi\u00f3n y caracter\u00edsticas de un Prep Center FBA para Amazon y otros marketplaces Noviembre 2021 My FBA Logistics estrena nuevo almac\u00e9n en Zaragoza Te mostramos nuestro segundo almac\u00e9n en Zaragoza con mas [&hellip;]","og_url":"https:\/\/myfbalogistics.com\/en\/blog\/","og_site_name":"my FBA Logistics","article_modified_time":"2022-02-05T07:50:08+00:00","og_image":[{"url":"https:\/\/myfbalogistics.com\/wp-content\/uploads\/2020\/05\/study-footer-1024x596.jpg","type":"","width":"","height":""}],"twitter_card":"summary_large_image","twitter_misc":{"Est. reading time":"2 minutes"},"schema":{"@context":"https:\/\/schema.org","@graph":[{"@type":"WebPage","@id":"https:\/\/myfbalogistics.com\/blog\/","url":"https:\/\/myfbalogistics.com\/blog\/","name":"Blog - my FBA Logistics","isPartOf":{"@id":"https:\/\/myfbalogistics.com\/#website"},"primaryImageOfPage":{"@id":"https:\/\/myfbalogistics.com\/blog\/#primaryimage"},"image":{"@id":"https:\/\/myfbalogistics.com\/blog\/#primaryimage"},"thumbnailUrl":"https:\/\/myfbalogistics.com\/wp-content\/uploads\/2020\/05\/study-footer-1024x596.jpg","datePublished":"2021-11-02T19:16:02+00:00","dateModified":"2022-02-05T07:50:08+00:00","breadcrumb":{"@id":"https:\/\/myfbalogistics.com\/blog\/#breadcrumb"},"inLanguage":"en-US","potentialAction":[{"@type":"ReadAction","target":["https:\/\/myfbalogistics.com\/blog\/"]}]},{"@type":"ImageObject","inLanguage":"en-US","@id":"https:\/\/myfbalogistics.com\/blog\/#primaryimage","url":"https:\/\/myfbalogistics.com\/wp-content\/uploads\/2020\/05\/study-footer-1024x596.jpg","contentUrl":"https:\/\/myfbalogistics.com\/wp-content\/uploads\/2020\/05\/study-footer-1024x596.jpg"},{"@type":"BreadcrumbList","@id":"https:\/\/myfbalogistics.com\/blog\/#breadcrumb","itemListElement":[{"@type":"ListItem","position":1,"name":"Home","item":"https:\/\/myfbalogistics.com\/"},{"@type":"ListItem","position":2,"name":"Blog"}]},{"@type":"WebSite","@id":"https:\/\/myfbalogistics.com\/#website","url":"https:\/\/myfbalogistics.com\/","name":"my FBA Logistics","description":"Prep Center Amazon FBA Espa\u00f1a","publisher":{"@id":"https:\/\/myfbalogistics.com\/#organization"},"potentialAction":[{"@type":"SearchAction","target":{"@type":"EntryPoint","urlTemplate":"https:\/\/myfbalogistics.com\/?s={search_term_string}"},"query-input":{"@type":"PropertyValueSpecification","valueRequired":true,"valueName":"search_term_string"}}],"inLanguage":"en-US"},{"@type":"Organization","@id":"https:\/\/myfbalogistics.com\/#organization","name":"my FBA Logistics","url":"https:\/\/myfbalogistics.com\/","logo":{"@type":"ImageObject","inLanguage":"en-US","@id":"https:\/\/myfbalogistics.com\/#\/schema\/logo\/image\/","url":"https:\/\/myfbalogistics.com\/wp-content\/uploads\/2020\/05\/LogoMakr_7PjcTw.png","contentUrl":"https:\/\/myfbalogistics.com\/wp-content\/uploads\/2020\/05\/LogoMakr_7PjcTw.png","width":400,"height":89,"caption":"my FBA Logistics"},"image":{"@id":"https:\/\/myfbalogistics.com\/#\/schema\/logo\/image\/"}}]}},"_links":{"self":[{"href":"https:\/\/myfbalogistics.com\/en\/wp-json\/wp\/v2\/pages\/677","targetHints":{"allow":["GET"]}}],"collection":[{"href":"https:\/\/myfbalogistics.com\/en\/wp-json\/wp\/v2\/pages"}],"about":[{"href":"https:\/\/myfbalogistics.com\/en\/wp-json\/wp\/v2\/types\/page"}],"author":[{"embeddable":true,"href":"https:\/\/myfbalogistics.com\/en\/wp-json\/wp\/v2\/users\/2"}],"replies":[{"embeddable":true,"href":"https:\/\/myfbalogistics.com\/en\/wp-json\/wp\/v2\/comments?post=677"}],"version-history":[{"count":5,"href":"https:\/\/myfbalogistics.com\/en\/wp-json\/wp\/v2\/pages\/677\/revisions"}],"predecessor-version":[{"id":907,"href":"https:\/\/myfbalogistics.com\/en\/wp-json\/wp\/v2\/pages\/677\/revisions\/907"}],"wp:attachment":[{"href":"https:\/\/myfbalogistics.com\/en\/wp-json\/wp\/v2\/media?parent=677"}],"curies":[{"name":"wp","href":"https:\/\/api.w.org\/{rel}","templated":true}]}}