{"id":243,"date":"2020-06-01T17:08:15","date_gmt":"2020-06-01T17:08:15","guid":{"rendered":"https:\/\/myfbalogistics.com\/?page_id=243"},"modified":"2021-11-07T17:06:30","modified_gmt":"2021-11-07T17:06:30","slug":"fba-alternativa","status":"publish","type":"page","link":"https:\/\/myfbalogistics.com\/en\/fba-alternativa\/","title":{"rendered":"Blog &#8211; Info FBA"},"content":{"rendered":"<div data-elementor-type=\"wp-page\" data-elementor-id=\"243\" class=\"elementor elementor-243\">\n\t\t\t\t\t\t<section class=\"elementor-section elementor-top-section elementor-element elementor-element-20c83eb elementor-section-full_width elementor-section-height-default elementor-section-height-default\" data-id=\"20c83eb\" data-element_type=\"section\" data-settings=\"{&quot;background_background&quot;:&quot;classic&quot;}\">\n\t\t\t\t\t\t\t<div class=\"elementor-background-overlay\"><\/div>\n\t\t\t\t\t\t\t<div class=\"elementor-container elementor-column-gap-default\">\n\t\t\t\t\t<div class=\"elementor-column elementor-col-100 elementor-top-column elementor-element elementor-element-356d30b\" data-id=\"356d30b\" data-element_type=\"column\">\n\t\t\t<div class=\"elementor-widget-wrap elementor-element-populated\">\n\t\t\t\t\t\t<div class=\"elementor-element elementor-element-668ebae elementor-widget elementor-widget-heading\" data-id=\"668ebae\" data-element_type=\"widget\" data-widget_type=\"heading.default\">\n\t\t\t\t<div class=\"elementor-widget-container\">\n\t\t\t\t\t<h2 class=\"elementor-heading-title elementor-size-large\">Amazon FBA | What's this all about?<\/h2>\t\t\t\t<\/div>\n\t\t\t\t<\/div>\n\t\t\t\t<div class=\"elementor-element elementor-element-798f6dc elementor-widget elementor-widget-spacer\" data-id=\"798f6dc\" data-element_type=\"widget\" data-widget_type=\"spacer.default\">\n\t\t\t\t<div class=\"elementor-widget-container\">\n\t\t\t\t\t\t\t<div class=\"elementor-spacer\">\n\t\t\t<div class=\"elementor-spacer-inner\"><\/div>\n\t\t<\/div>\n\t\t\t\t\t\t<\/div>\n\t\t\t\t<\/div>\n\t\t\t\t\t<\/div>\n\t\t<\/div>\n\t\t\t\t\t<\/div>\n\t\t<\/section>\n\t\t\t\t<section class=\"elementor-section elementor-top-section elementor-element elementor-element-0bc98c4 elementor-section-boxed elementor-section-height-default elementor-section-height-default\" data-id=\"0bc98c4\" data-element_type=\"section\" data-settings=\"{&quot;background_background&quot;:&quot;classic&quot;}\">\n\t\t\t\t\t\t<div class=\"elementor-container elementor-column-gap-default\">\n\t\t\t\t\t<div class=\"elementor-column elementor-col-100 elementor-top-column elementor-element elementor-element-9952889\" data-id=\"9952889\" data-element_type=\"column\">\n\t\t\t<div class=\"elementor-widget-wrap elementor-element-populated\">\n\t\t\t\t\t\t<div class=\"elementor-element elementor-element-735af7c elementor-widget elementor-widget-heading\" data-id=\"735af7c\" data-element_type=\"widget\" data-widget_type=\"heading.default\">\n\t\t\t\t<div class=\"elementor-widget-container\">\n\t\t\t\t\t<h2 class=\"elementor-heading-title elementor-size-default\">What's Amazon FBA?<\/h2>\t\t\t\t<\/div>\n\t\t\t\t<\/div>\n\t\t\t\t<div class=\"elementor-element elementor-element-df36566 elementor-widget-divider--view-line elementor-widget elementor-widget-divider\" data-id=\"df36566\" data-element_type=\"widget\" data-widget_type=\"divider.default\">\n\t\t\t\t<div class=\"elementor-widget-container\">\n\t\t\t\t\t\t\t<div class=\"elementor-divider\">\n\t\t\t<span class=\"elementor-divider-separator\">\n\t\t\t\t\t\t<\/span>\n\t\t<\/div>\n\t\t\t\t\t\t<\/div>\n\t\t\t\t<\/div>\n\t\t\t\t<div class=\"elementor-element elementor-element-3bd4712 elementor-widget elementor-widget-text-editor\" data-id=\"3bd4712\" data-element_type=\"widget\" data-widget_type=\"text-editor.default\">\n\t\t\t\t<div class=\"elementor-widget-container\">\n\t\t\t\t\t\t\t\t\t<p>FBA means Fulfillment by Amazon, in other words, Amazon will ship your products on your behalf<\/p><p>In this program, Amazon will store, fulfill and ship the products of its associates.<\/p>\t\t\t\t\t\t\t\t<\/div>\n\t\t\t\t<\/div>\n\t\t\t\t\t<\/div>\n\t\t<\/div>\n\t\t\t\t\t<\/div>\n\t\t<\/section>\n\t\t\t\t<section class=\"elementor-section elementor-top-section elementor-element elementor-element-bb3c117 elementor-section-boxed elementor-section-height-default elementor-section-height-default\" data-id=\"bb3c117\" data-element_type=\"section\" data-settings=\"{&quot;background_background&quot;:&quot;classic&quot;}\">\n\t\t\t\t\t\t<div class=\"elementor-container elementor-column-gap-default\">\n\t\t\t\t\t<div class=\"elementor-column elementor-col-100 elementor-top-column elementor-element elementor-element-05fb2d1\" data-id=\"05fb2d1\" data-element_type=\"column\">\n\t\t\t<div class=\"elementor-widget-wrap elementor-element-populated\">\n\t\t\t\t\t\t<div class=\"elementor-element elementor-element-fdc71e8 elementor-widget elementor-widget-heading\" data-id=\"fdc71e8\" data-element_type=\"widget\" data-widget_type=\"heading.default\">\n\t\t\t\t<div class=\"elementor-widget-container\">\n\t\t\t\t\t<h2 class=\"elementor-heading-title elementor-size-default\">What are the pros?<\/h2>\t\t\t\t<\/div>\n\t\t\t\t<\/div>\n\t\t\t\t<div class=\"elementor-element elementor-element-d1d4765 elementor-widget-divider--view-line elementor-widget elementor-widget-divider\" data-id=\"d1d4765\" data-element_type=\"widget\" data-widget_type=\"divider.default\">\n\t\t\t\t<div class=\"elementor-widget-container\">\n\t\t\t\t\t\t\t<div class=\"elementor-divider\">\n\t\t\t<span class=\"elementor-divider-separator\">\n\t\t\t\t\t\t<\/span>\n\t\t<\/div>\n\t\t\t\t\t\t<\/div>\n\t\t\t\t<\/div>\n\t\t\t\t<div class=\"elementor-element elementor-element-0a7c4e4 elementor-widget elementor-widget-text-editor\" data-id=\"0a7c4e4\" data-element_type=\"widget\" data-widget_type=\"text-editor.default\">\n\t\t\t\t<div class=\"elementor-widget-container\">\n\t\t\t\t\t\t\t\t\t<p>It allows you focus on your business and let a 3PL take care of your logistics, in this case Amazon. It will allow you also to have better rankings in the Amazon search engine for the following reasons.<\/p><p><b>What are the main benefits?<\/b><\/p><ul><li style=\"text-align: left;\"><strong>Get the <span style=\"color: #00a8e1;\">PRIME<\/span>:<\/strong> Getting this logo will give you much more visibility over your competition. The <span style=\"color: #00a8e1;\"><strong>Amazon Prime,<\/strong><\/span> community enjoys many benefits such us 1-day shipping in selected cities, free shipping and personalized customer service.<\/li><li style=\"text-align: left;\"><strong>Get the Buy Box:<\/strong> You will participate to get this logo and the winner product will be ranked #1 in the product details list.<\/li><li style=\"text-align: left;\"><strong>Fulfilled by Amazon<\/strong><\/li><li style=\"text-align: left;\"><strong>Storage space<\/strong><\/li><li style=\"text-align: left;\">Be part of the <b>Amazon Paneuropean Program<\/b><\/li><\/ul>\t\t\t\t\t\t\t\t<\/div>\n\t\t\t\t<\/div>\n\t\t\t\t\t<\/div>\n\t\t<\/div>\n\t\t\t\t\t<\/div>\n\t\t<\/section>\n\t\t\t\t<section class=\"elementor-section elementor-top-section elementor-element elementor-element-0c96dc7 elementor-section-boxed elementor-section-height-default elementor-section-height-default\" data-id=\"0c96dc7\" data-element_type=\"section\" data-settings=\"{&quot;background_background&quot;:&quot;classic&quot;}\">\n\t\t\t\t\t\t<div class=\"elementor-container elementor-column-gap-default\">\n\t\t\t\t\t<div class=\"elementor-column elementor-col-100 elementor-top-column elementor-element elementor-element-ec548d4\" data-id=\"ec548d4\" data-element_type=\"column\">\n\t\t\t<div class=\"elementor-widget-wrap elementor-element-populated\">\n\t\t\t\t\t\t<div class=\"elementor-element elementor-element-2905959 elementor-widget elementor-widget-heading\" data-id=\"2905959\" data-element_type=\"widget\" data-widget_type=\"heading.default\">\n\t\t\t\t<div class=\"elementor-widget-container\">\n\t\t\t\t\t<h2 class=\"elementor-heading-title elementor-size-default\">What are the cons?<\/h2>\t\t\t\t<\/div>\n\t\t\t\t<\/div>\n\t\t\t\t<div class=\"elementor-element elementor-element-0df9879 elementor-widget-divider--view-line elementor-widget elementor-widget-divider\" data-id=\"0df9879\" data-element_type=\"widget\" data-widget_type=\"divider.default\">\n\t\t\t\t<div class=\"elementor-widget-container\">\n\t\t\t\t\t\t\t<div class=\"elementor-divider\">\n\t\t\t<span class=\"elementor-divider-separator\">\n\t\t\t\t\t\t<\/span>\n\t\t<\/div>\n\t\t\t\t\t\t<\/div>\n\t\t\t\t<\/div>\n\t\t\t\t<div class=\"elementor-element elementor-element-1f21667 elementor-widget elementor-widget-text-editor\" data-id=\"1f21667\" data-element_type=\"widget\" data-widget_type=\"text-editor.default\">\n\t\t\t\t<div class=\"elementor-widget-container\">\n\t\t\t\t\t\t\t\t\t<ul><li style=\"text-align: left;\">It has <strong>a cost for both storage and logistic operations.<\/strong>Check very carefully these fees as they can change overtime with no anticipation.<\/li><li style=\"text-align: left;\">Amazon has <strong>very strict requirements<\/strong> for your products in terms of packaging, labelling and weight.<\/li><li style=\"text-align: left;\">The <strong>preparation of your products in compliance with Amazon requires time and it can be tricky<\/strong> to understand all details and specifications.\u00a0<\/li><li style=\"text-align: left;\">The <strong>labelling and packaging fees are not included on the above<\/strong> and the rules can be complex.<a href=\"https:\/\/myfbalogistics.com\/en\/tarifas\/\"><span style=\"color: #ff9900;\"> <strong>With my FBA Logistics you will save up to 25% off Amazon published rates.<\/strong><\/span><\/a><\/li><\/ul>\t\t\t\t\t\t\t\t<\/div>\n\t\t\t\t<\/div>\n\t\t\t\t\t<\/div>\n\t\t<\/div>\n\t\t\t\t\t<\/div>\n\t\t<\/section>\n\t\t\t\t<section class=\"elementor-section elementor-top-section elementor-element elementor-element-bfa3072 elementor-section-boxed elementor-section-height-default elementor-section-height-default elementor-invisible\" data-id=\"bfa3072\" data-element_type=\"section\" data-settings=\"{&quot;background_background&quot;:&quot;gradient&quot;,&quot;animation&quot;:&quot;fadeInUp&quot;}\">\n\t\t\t\t\t\t\t<div class=\"elementor-background-overlay\"><\/div>\n\t\t\t\t\t\t\t<div class=\"elementor-container elementor-column-gap-default\">\n\t\t\t\t\t<div class=\"elementor-column elementor-col-50 elementor-top-column elementor-element elementor-element-cc1dea9\" data-id=\"cc1dea9\" data-element_type=\"column\">\n\t\t\t<div class=\"elementor-widget-wrap elementor-element-populated\">\n\t\t\t\t\t\t<div class=\"elementor-element elementor-element-0c211cf elementor-widget elementor-widget-heading\" data-id=\"0c211cf\" data-element_type=\"widget\" data-widget_type=\"heading.default\">\n\t\t\t\t<div class=\"elementor-widget-container\">\n\t\t\t\t\t<h2 class=\"elementor-heading-title elementor-size-default\">Contact us<\/h2>\t\t\t\t<\/div>\n\t\t\t\t<\/div>\n\t\t\t\t<div class=\"elementor-element elementor-element-aa62ecd elementor-widget-divider--view-line elementor-widget elementor-widget-divider\" data-id=\"aa62ecd\" data-element_type=\"widget\" data-widget_type=\"divider.default\">\n\t\t\t\t<div class=\"elementor-widget-container\">\n\t\t\t\t\t\t\t<div class=\"elementor-divider\">\n\t\t\t<span class=\"elementor-divider-separator\">\n\t\t\t\t\t\t<\/span>\n\t\t<\/div>\n\t\t\t\t\t\t<\/div>\n\t\t\t\t<\/div>\n\t\t\t\t<div class=\"elementor-element elementor-element-e2f3c48 elementor-widget elementor-widget-text-editor\" data-id=\"e2f3c48\" data-element_type=\"widget\" data-widget_type=\"text-editor.default\">\n\t\t\t\t<div class=\"elementor-widget-container\">\n\t\t\t\t\t\t\t\t\t<p style=\"text-align: left;\">We are you Amazon FBA Prep Center in Spain &amp; Europe<\/p><p style=\"text-align: left;\">We provide support to all kind of Amazon Sellers, streamlining its selling process and reducing lead times.<\/p><ul><li style=\"text-align: left;\">Online arbitrage<\/li><li style=\"text-align: left;\">Offline arbitrage\u00a0<\/li><li style=\"text-align: left;\">Private brands<\/li><li style=\"text-align: left;\">Wholesalers<\/li><\/ul><p style=\"text-align: left;\">Save money and time with our fulfillment solutions<\/p><p style=\"text-align: left;\">We are you Amazon FBA Prep Center.<\/p>\t\t\t\t\t\t\t\t<\/div>\n\t\t\t\t<\/div>\n\t\t\t\t\t<\/div>\n\t\t<\/div>\n\t\t\t\t<div class=\"elementor-column elementor-col-50 elementor-top-column elementor-element elementor-element-2b8422c\" data-id=\"2b8422c\" data-element_type=\"column\" data-settings=\"{&quot;background_background&quot;:&quot;classic&quot;}\">\n\t\t\t<div class=\"elementor-widget-wrap elementor-element-populated\">\n\t\t\t\t\t\t<div class=\"elementor-element elementor-element-f64ff07 elementor-widget elementor-widget-shortcode\" data-id=\"f64ff07\" data-element_type=\"widget\" data-widget_type=\"shortcode.default\">\n\t\t\t\t<div class=\"elementor-widget-container\">\n\t\t\t\t\t\t\t<div class=\"elementor-shortcode\">\n<div class=\"wpcf7 no-js\" id=\"wpcf7-f30-o1\" lang=\"en-US\" dir=\"ltr\" data-wpcf7-id=\"30\">\n<div class=\"screen-reader-response\"><p role=\"status\" aria-live=\"polite\" aria-atomic=\"true\"><\/p> <ul><\/ul><\/div>\n<form action=\"\/en\/wp-json\/wp\/v2\/pages\/243#wpcf7-f30-o1\" method=\"post\" class=\"wpcf7-form init\" aria-label=\"Contact form\" novalidate=\"novalidate\" data-status=\"init\" data-trp-original-action=\"\/en\/wp-json\/wp\/v2\/pages\/243#wpcf7-f30-o1\">\n<div style=\"display: none;\">\n<input type=\"hidden\" name=\"_wpcf7\" value=\"30\" \/>\n<input type=\"hidden\" name=\"_wpcf7_version\" value=\"6.0.6\" \/>\n<input type=\"hidden\" name=\"_wpcf7_locale\" value=\"en_US\" \/>\n<input type=\"hidden\" name=\"_wpcf7_unit_tag\" value=\"wpcf7-f30-o1\" \/>\n<input type=\"hidden\" name=\"_wpcf7_container_post\" value=\"0\" \/>\n<input type=\"hidden\" name=\"_wpcf7_posted_data_hash\" value=\"\" \/>\n<\/div>\n<p><label> Your Name (required)<br \/>\n<span class=\"wpcf7-form-control-wrap\" data-name=\"your-name\"><input size=\"40\" maxlength=\"400\" class=\"wpcf7-form-control wpcf7-text wpcf7-validates-as-required\" aria-required=\"true\" aria-invalid=\"false\" value=\"\" type=\"text\" name=\"your-name\" \/><\/span> <\/label>\n<\/p>\n<p><label> Your Email (required)<br \/>\n<span class=\"wpcf7-form-control-wrap\" data-name=\"your-email\"><input size=\"40\" maxlength=\"400\" class=\"wpcf7-form-control wpcf7-email wpcf7-validates-as-required wpcf7-text wpcf7-validates-as-email\" aria-required=\"true\" aria-invalid=\"false\" value=\"\" type=\"email\" name=\"your-email\" \/><\/span> <\/label>\n<\/p>\n<p><label> Subject<br \/>\n<span class=\"wpcf7-form-control-wrap\" data-name=\"your-subject\"><input size=\"40\" maxlength=\"400\" class=\"wpcf7-form-control wpcf7-text\" aria-invalid=\"false\" value=\"\" type=\"text\" name=\"your-subject\" \/><\/span> <\/label>\n<\/p>\n<p><label> Your Message<br \/>\n<span class=\"wpcf7-form-control-wrap\" data-name=\"your-message\"><textarea cols=\"40\" rows=\"10\" maxlength=\"2000\" class=\"wpcf7-form-control wpcf7-textarea\" aria-invalid=\"false\" name=\"your-message\"><\/textarea><\/span> <\/label>\n<\/p>\n<p><input class=\"wpcf7-form-control wpcf7-submit has-spinner\" type=\"submit\" value=\"Send\" \/>\n<\/p><div class=\"wpcf7-response-output\" aria-hidden=\"true\"><\/div>\n<input type=\"hidden\" name=\"trp-form-language\" value=\"en\"\/><\/form>\n<\/div>\n\n\n<!--You need to download contact form 7 for this part to show properly--><\/div>\n\t\t\t\t\t\t<\/div>\n\t\t\t\t<\/div>\n\t\t\t\t\t<\/div>\n\t\t<\/div>\n\t\t\t\t\t<\/div>\n\t\t<\/section>\n\t\t\t\t<\/div>","protected":false},"excerpt":{"rendered":"<p>Log\u00edstica de Amazon FBA | Qu\u00e9 es? \u00bfQu\u00e9 es Log\u00edstica de Amazon FBA? FBA significa en ingles Fulfillment by Amazon y es un termino equivalente a Log\u00edstica de Amazon es espa\u00f1ol. Al recurrir a Log\u00edstica de Amazon, Amazon se encarga del almacenamiento, el env\u00edo, el servicio de atenci\u00f3n al cliente y la gesti\u00f3n de devoluciones [&hellip;]<\/p>","protected":false},"author":2,"featured_media":0,"parent":0,"menu_order":0,"comment_status":"closed","ping_status":"closed","template":"","meta":{"_monsterinsights_skip_tracking":false,"_monsterinsights_sitenote_active":false,"_monsterinsights_sitenote_note":"","_monsterinsights_sitenote_category":0,"ocean_post_layout":"full-screen","ocean_both_sidebars_style":"","ocean_both_sidebars_content_width":0,"ocean_both_sidebars_sidebars_width":0,"ocean_sidebar":"0","ocean_second_sidebar":"0","ocean_disable_margins":"enable","ocean_add_body_class":"","ocean_shortcode_before_top_bar":"","ocean_shortcode_after_top_bar":"","ocean_shortcode_before_header":"","ocean_shortcode_after_header":"","ocean_has_shortcode":"","ocean_shortcode_after_title":"","ocean_shortcode_before_footer_widgets":"","ocean_shortcode_after_footer_widgets":"","ocean_shortcode_before_footer_bottom":"","ocean_shortcode_after_footer_bottom":"","ocean_display_top_bar":"default","ocean_display_header":"default","ocean_header_style":"","ocean_center_header_left_menu":"0","ocean_custom_header_template":"0","ocean_custom_logo":0,"ocean_custom_retina_logo":0,"ocean_custom_logo_max_width":0,"ocean_custom_logo_tablet_max_width":0,"ocean_custom_logo_mobile_max_width":0,"ocean_custom_logo_max_height":0,"ocean_custom_logo_tablet_max_height":0,"ocean_custom_logo_mobile_max_height":0,"ocean_header_custom_menu":"0","ocean_menu_typo_font_family":"0","ocean_menu_typo_font_subset":"","ocean_menu_typo_font_size":0,"ocean_menu_typo_font_size_tablet":0,"ocean_menu_typo_font_size_mobile":0,"ocean_menu_typo_font_size_unit":"px","ocean_menu_typo_font_weight":"","ocean_menu_typo_font_weight_tablet":"","ocean_menu_typo_font_weight_mobile":"","ocean_menu_typo_transform":"","ocean_menu_typo_transform_tablet":"","ocean_menu_typo_transform_mobile":"","ocean_menu_typo_line_height":0,"ocean_menu_typo_line_height_tablet":0,"ocean_menu_typo_line_height_mobile":0,"ocean_menu_typo_line_height_unit":"","ocean_menu_typo_spacing":0,"ocean_menu_typo_spacing_tablet":0,"ocean_menu_typo_spacing_mobile":0,"ocean_menu_typo_spacing_unit":"","ocean_menu_link_color":"","ocean_menu_link_color_hover":"","ocean_menu_link_color_active":"","ocean_menu_link_background":"","ocean_menu_link_hover_background":"","ocean_menu_link_active_background":"","ocean_menu_social_links_bg":"","ocean_menu_social_hover_links_bg":"","ocean_menu_social_links_color":"","ocean_menu_social_hover_links_color":"","ocean_disable_title":"on","ocean_disable_heading":"default","ocean_post_title":"","ocean_post_subheading":"","ocean_post_title_style":"","ocean_post_title_background_color":"","ocean_post_title_background":0,"ocean_post_title_bg_image_position":"","ocean_post_title_bg_image_attachment":"","ocean_post_title_bg_image_repeat":"","ocean_post_title_bg_image_size":"","ocean_post_title_height":0,"ocean_post_title_bg_overlay":0.5,"ocean_post_title_bg_overlay_color":"","ocean_disable_breadcrumbs":"default","ocean_breadcrumbs_color":"","ocean_breadcrumbs_separator_color":"","ocean_breadcrumbs_links_color":"","ocean_breadcrumbs_links_hover_color":"","ocean_display_footer_widgets":"default","ocean_display_footer_bottom":"default","ocean_custom_footer_template":"0","_joinchat":[],"footnotes":""},"class_list":["post-243","page","type-page","status-publish","hentry","entry"],"yoast_head":"<!-- This site is optimized with the Yoast SEO plugin v26.9 - https:\/\/yoast.com\/product\/yoast-seo-wordpress\/ -->\n<title>Blog - Info FBA - my FBA Logistics<\/title>\n<meta name=\"robots\" content=\"index, follow, max-snippet:-1, max-image-preview:large, max-video-preview:-1\" \/>\n<link rel=\"canonical\" href=\"https:\/\/myfbalogistics.com\/en\/fba-alternativa\/\" \/>\n<meta property=\"og:locale\" content=\"en_US\" \/>\n<meta property=\"og:type\" content=\"article\" \/>\n<meta property=\"og:title\" content=\"Blog - Info FBA - my FBA Logistics\" \/>\n<meta property=\"og:description\" content=\"Log\u00edstica de Amazon FBA | Qu\u00e9 es? \u00bfQu\u00e9 es Log\u00edstica de Amazon FBA? FBA significa en ingles Fulfillment by Amazon y es un termino equivalente a Log\u00edstica de Amazon es espa\u00f1ol. Al recurrir a Log\u00edstica de Amazon, Amazon se encarga del almacenamiento, el env\u00edo, el servicio de atenci\u00f3n al cliente y la gesti\u00f3n de devoluciones [&hellip;]\" \/>\n<meta property=\"og:url\" content=\"https:\/\/myfbalogistics.com\/en\/fba-alternativa\/\" \/>\n<meta property=\"og:site_name\" content=\"my FBA Logistics\" \/>\n<meta property=\"article:modified_time\" content=\"2021-11-07T17:06:30+00:00\" \/>\n<meta name=\"twitter:card\" content=\"summary_large_image\" \/>\n<meta name=\"twitter:label1\" content=\"Est. reading time\" \/>\n\t<meta name=\"twitter:data1\" content=\"2 minutes\" \/>\n<script type=\"application\/ld+json\" class=\"yoast-schema-graph\">{\"@context\":\"https:\/\/schema.org\",\"@graph\":[{\"@type\":\"WebPage\",\"@id\":\"https:\/\/myfbalogistics.com\/fba-alternativa\/\",\"url\":\"https:\/\/myfbalogistics.com\/fba-alternativa\/\",\"name\":\"Blog - Info FBA - my FBA Logistics\",\"isPartOf\":{\"@id\":\"https:\/\/myfbalogistics.com\/#website\"},\"datePublished\":\"2020-06-01T17:08:15+00:00\",\"dateModified\":\"2021-11-07T17:06:30+00:00\",\"breadcrumb\":{\"@id\":\"https:\/\/myfbalogistics.com\/fba-alternativa\/#breadcrumb\"},\"inLanguage\":\"en-US\",\"potentialAction\":[{\"@type\":\"ReadAction\",\"target\":[\"https:\/\/myfbalogistics.com\/fba-alternativa\/\"]}]},{\"@type\":\"BreadcrumbList\",\"@id\":\"https:\/\/myfbalogistics.com\/fba-alternativa\/#breadcrumb\",\"itemListElement\":[{\"@type\":\"ListItem\",\"position\":1,\"name\":\"Home\",\"item\":\"https:\/\/myfbalogistics.com\/\"},{\"@type\":\"ListItem\",\"position\":2,\"name\":\"Blog &#8211; Info FBA\"}]},{\"@type\":\"WebSite\",\"@id\":\"https:\/\/myfbalogistics.com\/#website\",\"url\":\"https:\/\/myfbalogistics.com\/\",\"name\":\"my FBA Logistics\",\"description\":\"Prep Center Amazon FBA Espa\u00f1a\",\"publisher\":{\"@id\":\"https:\/\/myfbalogistics.com\/#organization\"},\"potentialAction\":[{\"@type\":\"SearchAction\",\"target\":{\"@type\":\"EntryPoint\",\"urlTemplate\":\"https:\/\/myfbalogistics.com\/?s={search_term_string}\"},\"query-input\":{\"@type\":\"PropertyValueSpecification\",\"valueRequired\":true,\"valueName\":\"search_term_string\"}}],\"inLanguage\":\"en-US\"},{\"@type\":\"Organization\",\"@id\":\"https:\/\/myfbalogistics.com\/#organization\",\"name\":\"my FBA Logistics\",\"url\":\"https:\/\/myfbalogistics.com\/\",\"logo\":{\"@type\":\"ImageObject\",\"inLanguage\":\"en-US\",\"@id\":\"https:\/\/myfbalogistics.com\/#\/schema\/logo\/image\/\",\"url\":\"https:\/\/myfbalogistics.com\/wp-content\/uploads\/2020\/05\/LogoMakr_7PjcTw.png\",\"contentUrl\":\"https:\/\/myfbalogistics.com\/wp-content\/uploads\/2020\/05\/LogoMakr_7PjcTw.png\",\"width\":400,\"height\":89,\"caption\":\"my FBA Logistics\"},\"image\":{\"@id\":\"https:\/\/myfbalogistics.com\/#\/schema\/logo\/image\/\"}}]}<\/script>\n<!-- \/ Yoast SEO plugin. -->","yoast_head_json":{"title":"Blog - Info FBA - my FBA Logistics","robots":{"index":"index","follow":"follow","max-snippet":"max-snippet:-1","max-image-preview":"max-image-preview:large","max-video-preview":"max-video-preview:-1"},"canonical":"https:\/\/myfbalogistics.com\/en\/fba-alternativa\/","og_locale":"en_US","og_type":"article","og_title":"Blog - Info FBA - my FBA Logistics","og_description":"Log\u00edstica de Amazon FBA | Qu\u00e9 es? \u00bfQu\u00e9 es Log\u00edstica de Amazon FBA? FBA significa en ingles Fulfillment by Amazon y es un termino equivalente a Log\u00edstica de Amazon es espa\u00f1ol. Al recurrir a Log\u00edstica de Amazon, Amazon se encarga del almacenamiento, el env\u00edo, el servicio de atenci\u00f3n al cliente y la gesti\u00f3n de devoluciones [&hellip;]","og_url":"https:\/\/myfbalogistics.com\/en\/fba-alternativa\/","og_site_name":"my FBA Logistics","article_modified_time":"2021-11-07T17:06:30+00:00","twitter_card":"summary_large_image","twitter_misc":{"Est. reading time":"2 minutes"},"schema":{"@context":"https:\/\/schema.org","@graph":[{"@type":"WebPage","@id":"https:\/\/myfbalogistics.com\/fba-alternativa\/","url":"https:\/\/myfbalogistics.com\/fba-alternativa\/","name":"Blog - Info FBA - my FBA Logistics","isPartOf":{"@id":"https:\/\/myfbalogistics.com\/#website"},"datePublished":"2020-06-01T17:08:15+00:00","dateModified":"2021-11-07T17:06:30+00:00","breadcrumb":{"@id":"https:\/\/myfbalogistics.com\/fba-alternativa\/#breadcrumb"},"inLanguage":"en-US","potentialAction":[{"@type":"ReadAction","target":["https:\/\/myfbalogistics.com\/fba-alternativa\/"]}]},{"@type":"BreadcrumbList","@id":"https:\/\/myfbalogistics.com\/fba-alternativa\/#breadcrumb","itemListElement":[{"@type":"ListItem","position":1,"name":"Home","item":"https:\/\/myfbalogistics.com\/"},{"@type":"ListItem","position":2,"name":"Blog &#8211; Info FBA"}]},{"@type":"WebSite","@id":"https:\/\/myfbalogistics.com\/#website","url":"https:\/\/myfbalogistics.com\/","name":"my FBA Logistics","description":"Prep Center Amazon FBA Espa\u00f1a","publisher":{"@id":"https:\/\/myfbalogistics.com\/#organization"},"potentialAction":[{"@type":"SearchAction","target":{"@type":"EntryPoint","urlTemplate":"https:\/\/myfbalogistics.com\/?s={search_term_string}"},"query-input":{"@type":"PropertyValueSpecification","valueRequired":true,"valueName":"search_term_string"}}],"inLanguage":"en-US"},{"@type":"Organization","@id":"https:\/\/myfbalogistics.com\/#organization","name":"my FBA Logistics","url":"https:\/\/myfbalogistics.com\/","logo":{"@type":"ImageObject","inLanguage":"en-US","@id":"https:\/\/myfbalogistics.com\/#\/schema\/logo\/image\/","url":"https:\/\/myfbalogistics.com\/wp-content\/uploads\/2020\/05\/LogoMakr_7PjcTw.png","contentUrl":"https:\/\/myfbalogistics.com\/wp-content\/uploads\/2020\/05\/LogoMakr_7PjcTw.png","width":400,"height":89,"caption":"my FBA Logistics"},"image":{"@id":"https:\/\/myfbalogistics.com\/#\/schema\/logo\/image\/"}}]}},"_links":{"self":[{"href":"https:\/\/myfbalogistics.com\/en\/wp-json\/wp\/v2\/pages\/243","targetHints":{"allow":["GET"]}}],"collection":[{"href":"https:\/\/myfbalogistics.com\/en\/wp-json\/wp\/v2\/pages"}],"about":[{"href":"https:\/\/myfbalogistics.com\/en\/wp-json\/wp\/v2\/types\/page"}],"author":[{"embeddable":true,"href":"https:\/\/myfbalogistics.com\/en\/wp-json\/wp\/v2\/users\/2"}],"replies":[{"embeddable":true,"href":"https:\/\/myfbalogistics.com\/en\/wp-json\/wp\/v2\/comments?post=243"}],"version-history":[{"count":6,"href":"https:\/\/myfbalogistics.com\/en\/wp-json\/wp\/v2\/pages\/243\/revisions"}],"predecessor-version":[{"id":836,"href":"https:\/\/myfbalogistics.com\/en\/wp-json\/wp\/v2\/pages\/243\/revisions\/836"}],"wp:attachment":[{"href":"https:\/\/myfbalogistics.com\/en\/wp-json\/wp\/v2\/media?parent=243"}],"curies":[{"name":"wp","href":"https:\/\/api.w.org\/{rel}","templated":true}]}}