{"id":17,"date":"2020-05-26T17:14:56","date_gmt":"2020-05-26T17:14:56","guid":{"rendered":"https:\/\/myfbalogistics.com\/?page_id=17"},"modified":"2024-02-27T06:05:30","modified_gmt":"2024-02-27T06:05:30","slug":"sobre-nosotros","status":"publish","type":"page","link":"https:\/\/myfbalogistics.com\/en\/sobre-nosotros\/","title":{"rendered":"About us"},"content":{"rendered":"<div data-elementor-type=\"wp-page\" data-elementor-id=\"17\" class=\"elementor elementor-17\">\n\t\t\t\t\t\t<section class=\"elementor-section elementor-top-section elementor-element elementor-element-76043e5 elementor-section-full_width elementor-section-height-default elementor-section-height-default\" data-id=\"76043e5\" data-element_type=\"section\" data-settings=\"{&quot;background_background&quot;:&quot;classic&quot;}\">\n\t\t\t\t\t\t\t<div class=\"elementor-background-overlay\"><\/div>\n\t\t\t\t\t\t\t<div class=\"elementor-container elementor-column-gap-default\">\n\t\t\t\t\t<div class=\"elementor-column elementor-col-100 elementor-top-column elementor-element elementor-element-42a7c65\" data-id=\"42a7c65\" data-element_type=\"column\">\n\t\t\t<div class=\"elementor-widget-wrap elementor-element-populated\">\n\t\t\t\t\t\t<div class=\"elementor-element elementor-element-2cc5423 elementor-widget elementor-widget-heading\" data-id=\"2cc5423\" data-element_type=\"widget\" data-widget_type=\"heading.default\">\n\t\t\t\t<div class=\"elementor-widget-container\">\n\t\t\t\t\t<h2 class=\"elementor-heading-title elementor-size-large\">About us<\/h2>\t\t\t\t<\/div>\n\t\t\t\t<\/div>\n\t\t\t\t<div class=\"elementor-element elementor-element-678c353 elementor-widget elementor-widget-spacer\" data-id=\"678c353\" data-element_type=\"widget\" data-widget_type=\"spacer.default\">\n\t\t\t\t<div class=\"elementor-widget-container\">\n\t\t\t\t\t\t\t<div class=\"elementor-spacer\">\n\t\t\t<div class=\"elementor-spacer-inner\"><\/div>\n\t\t<\/div>\n\t\t\t\t\t\t<\/div>\n\t\t\t\t<\/div>\n\t\t\t\t\t<\/div>\n\t\t<\/div>\n\t\t\t\t\t<\/div>\n\t\t<\/section>\n\t\t\t\t<section class=\"elementor-section elementor-top-section elementor-element elementor-element-b97d7f9 elementor-section-boxed elementor-section-height-default elementor-section-height-default\" data-id=\"b97d7f9\" data-element_type=\"section\" data-settings=\"{&quot;background_background&quot;:&quot;classic&quot;}\">\n\t\t\t\t\t\t<div class=\"elementor-container elementor-column-gap-default\">\n\t\t\t\t\t<div class=\"elementor-column elementor-col-100 elementor-top-column elementor-element elementor-element-0bfe35f\" data-id=\"0bfe35f\" data-element_type=\"column\">\n\t\t\t<div class=\"elementor-widget-wrap elementor-element-populated\">\n\t\t\t\t\t\t<div class=\"elementor-element elementor-element-492179f elementor-widget elementor-widget-heading\" data-id=\"492179f\" data-element_type=\"widget\" data-widget_type=\"heading.default\">\n\t\t\t\t<div class=\"elementor-widget-container\">\n\t\t\t\t\t<h2 class=\"elementor-heading-title elementor-size-default\">my FBA Logistics story<\/h2>\t\t\t\t<\/div>\n\t\t\t\t<\/div>\n\t\t\t\t<div class=\"elementor-element elementor-element-55c2022 elementor-widget-divider--view-line elementor-widget elementor-widget-divider\" data-id=\"55c2022\" data-element_type=\"widget\" data-widget_type=\"divider.default\">\n\t\t\t\t<div class=\"elementor-widget-container\">\n\t\t\t\t\t\t\t<div class=\"elementor-divider\">\n\t\t\t<span class=\"elementor-divider-separator\">\n\t\t\t\t\t\t<\/span>\n\t\t<\/div>\n\t\t\t\t\t\t<\/div>\n\t\t\t\t<\/div>\n\t\t\t\t<div class=\"elementor-element elementor-element-91f5df1 elementor-widget elementor-widget-text-editor\" data-id=\"91f5df1\" data-element_type=\"widget\" data-widget_type=\"text-editor.default\">\n\t\t\t\t<div class=\"elementor-widget-container\">\n\t\t\t\t\t\t\t\t\t<p>In 2019 and a few years selling on Amazon, our founder team realized that there were a lot of opportunities to optimize the fulfillment process and reduce the costs along the supply chain.<\/p><p>It took us several months to put together the team, the strategy and capital to create this wonderful project: <span style=\"color: #ff9900;\"><strong>my FBA Logistics<\/strong><\/span><\/p><p><strong><span style=\"text-decoration: underline;\">Our mission:<\/span> <\/strong>Optimizar el eCommerce fulfillment para que nuestros clientes puedan dedicarse a hacer crecer su negocio y al mismo tiempo ahorrar costes log\u00edsticos.<\/p>\t\t\t\t\t\t\t\t<\/div>\n\t\t\t\t<\/div>\n\t\t\t\t\t<\/div>\n\t\t<\/div>\n\t\t\t\t\t<\/div>\n\t\t<\/section>\n\t\t\t\t<section class=\"elementor-section elementor-top-section elementor-element elementor-element-2e699fe elementor-section-boxed elementor-section-height-default elementor-section-height-default\" data-id=\"2e699fe\" data-element_type=\"section\">\n\t\t\t\t\t\t<div class=\"elementor-container elementor-column-gap-default\">\n\t\t\t\t\t<div class=\"elementor-column elementor-col-100 elementor-top-column elementor-element elementor-element-ad038ef\" data-id=\"ad038ef\" data-element_type=\"column\">\n\t\t\t<div class=\"elementor-widget-wrap elementor-element-populated\">\n\t\t\t\t\t\t<div class=\"elementor-element elementor-element-04510f0 elementor-widget elementor-widget-heading\" data-id=\"04510f0\" data-element_type=\"widget\" data-widget_type=\"heading.default\">\n\t\t\t\t<div class=\"elementor-widget-container\">\n\t\t\t\t\t<h2 class=\"elementor-heading-title elementor-size-default\">CO-FOUNDER &amp; CEO<\/h2>\t\t\t\t<\/div>\n\t\t\t\t<\/div>\n\t\t\t\t<div class=\"elementor-element elementor-element-52f6b10 elementor-widget elementor-widget-heading\" data-id=\"52f6b10\" data-element_type=\"widget\" data-widget_type=\"heading.default\">\n\t\t\t\t<div class=\"elementor-widget-container\">\n\t\t\t\t\t<h2 class=\"elementor-heading-title elementor-size-default\">Fernando Lucia<\/h2>\t\t\t\t<\/div>\n\t\t\t\t<\/div>\n\t\t\t\t<div class=\"elementor-element elementor-element-358d3f6 elementor-widget-divider--view-line elementor-widget elementor-widget-divider\" data-id=\"358d3f6\" data-element_type=\"widget\" data-widget_type=\"divider.default\">\n\t\t\t\t<div class=\"elementor-widget-container\">\n\t\t\t\t\t\t\t<div class=\"elementor-divider\">\n\t\t\t<span class=\"elementor-divider-separator\">\n\t\t\t\t\t\t<\/span>\n\t\t<\/div>\n\t\t\t\t\t\t<\/div>\n\t\t\t\t<\/div>\n\t\t\t\t<div class=\"elementor-element elementor-element-0dcfe87 elementor-widget elementor-widget-text-editor\" data-id=\"0dcfe87\" data-element_type=\"widget\" data-widget_type=\"text-editor.default\">\n\t\t\t\t<div class=\"elementor-widget-container\">\n\t\t\t\t\t\t\t\t\t<p style=\"text-align: center;\">Fernando is an eCommerce and Industrial entrepreneur in Spain. In 2015 he launched his own apparel brand only sold online FXLXC and joined the family business to work as business developer. He studied Marketing and Business Management in ESIC business school in Spain.<\/p><p style=\"text-align: center;\">Responsible of the operations team at <strong>my FBA Logistics, <\/strong>he is also in charge of customer relationships and business development.<\/p>\t\t\t\t\t\t\t\t<\/div>\n\t\t\t\t<\/div>\n\t\t\t\t<div class=\"elementor-element elementor-element-0e80802 elementor-align-center elementor-invisible elementor-widget elementor-widget-button\" data-id=\"0e80802\" data-element_type=\"widget\" data-settings=\"{&quot;_animation&quot;:&quot;pulse&quot;}\" data-widget_type=\"button.default\">\n\t\t\t\t<div class=\"elementor-widget-container\">\n\t\t\t\t\t\t\t\t\t<div class=\"elementor-button-wrapper\">\n\t\t\t\t\t<a class=\"elementor-button elementor-button-link elementor-size-sm\" href=\"https:\/\/myfbalogistics.com\/en\/contacto\/\">\n\t\t\t\t\t\t<span class=\"elementor-button-content-wrapper\">\n\t\t\t\t\t\t\t\t\t<span class=\"elementor-button-text\">Contact<\/span>\n\t\t\t\t\t<\/span>\n\t\t\t\t\t<\/a>\n\t\t\t\t<\/div>\n\t\t\t\t\t\t\t\t<\/div>\n\t\t\t\t<\/div>\n\t\t\t\t<div class=\"elementor-element elementor-element-ee5b8a8 elementor-widget elementor-widget-image\" data-id=\"ee5b8a8\" data-element_type=\"widget\" data-widget_type=\"image.default\">\n\t\t\t\t<div class=\"elementor-widget-container\">\n\t\t\t\t\t\t\t\t\t\t\t\t\t\t\t<img decoding=\"async\" src=\"https:\/\/myfbalogistics.com\/wp-content\/uploads\/elementor\/thumbs\/20190328_121842-1-oqjfdxfy4lg9vu5zna9rk1qpc66u5wnms87jg98fmg.jpg\" title=\"20190328_121842 (1)\" alt=\"20190328_121842 (1)\" loading=\"lazy\" \/>\t\t\t\t\t\t\t\t\t\t\t\t\t\t\t<\/div>\n\t\t\t\t<\/div>\n\t\t\t\t<div class=\"elementor-element elementor-element-6741d1c elementor-shape-rounded elementor-grid-0 e-grid-align-center elementor-widget elementor-widget-social-icons\" data-id=\"6741d1c\" data-element_type=\"widget\" data-widget_type=\"social-icons.default\">\n\t\t\t\t<div class=\"elementor-widget-container\">\n\t\t\t\t\t\t\t<div class=\"elementor-social-icons-wrapper elementor-grid\">\n\t\t\t\t\t\t\t<span class=\"elementor-grid-item\">\n\t\t\t\t\t<a class=\"elementor-icon elementor-social-icon elementor-social-icon-linkedin elementor-animation-pulse elementor-repeater-item-b8d694e\" href=\"https:\/\/www.linkedin.com\/in\/fernando-lucia-cervello-98929a61\/\" target=\"_blank\">\n\t\t\t\t\t\t<span class=\"elementor-screen-only\">Linkedin<\/span>\n\t\t\t\t\t\t<i class=\"fab fa-linkedin\"><\/i>\t\t\t\t\t<\/a>\n\t\t\t\t<\/span>\n\t\t\t\t\t<\/div>\n\t\t\t\t\t\t<\/div>\n\t\t\t\t<\/div>\n\t\t\t\t<div class=\"elementor-element elementor-element-449a826 elementor-widget-divider--view-line elementor-widget elementor-widget-divider\" data-id=\"449a826\" data-element_type=\"widget\" data-widget_type=\"divider.default\">\n\t\t\t\t<div class=\"elementor-widget-container\">\n\t\t\t\t\t\t\t<div class=\"elementor-divider\">\n\t\t\t<span class=\"elementor-divider-separator\">\n\t\t\t\t\t\t<\/span>\n\t\t<\/div>\n\t\t\t\t\t\t<\/div>\n\t\t\t\t<\/div>\n\t\t\t\t<div class=\"elementor-element elementor-element-997983e elementor-widget elementor-widget-heading\" data-id=\"997983e\" data-element_type=\"widget\" data-widget_type=\"heading.default\">\n\t\t\t\t<div class=\"elementor-widget-container\">\n\t\t\t\t\t<h2 class=\"elementor-heading-title elementor-size-default\">CO-FOUNDER<\/h2>\t\t\t\t<\/div>\n\t\t\t\t<\/div>\n\t\t\t\t<div class=\"elementor-element elementor-element-7f16ce6 elementor-widget elementor-widget-heading\" data-id=\"7f16ce6\" data-element_type=\"widget\" data-widget_type=\"heading.default\">\n\t\t\t\t<div class=\"elementor-widget-container\">\n\t\t\t\t\t<h2 class=\"elementor-heading-title elementor-size-default\">Ramon Lucia<\/h2>\t\t\t\t<\/div>\n\t\t\t\t<\/div>\n\t\t\t\t<div class=\"elementor-element elementor-element-76c340c elementor-widget-divider--view-line elementor-widget elementor-widget-divider\" data-id=\"76c340c\" data-element_type=\"widget\" data-widget_type=\"divider.default\">\n\t\t\t\t<div class=\"elementor-widget-container\">\n\t\t\t\t\t\t\t<div class=\"elementor-divider\">\n\t\t\t<span class=\"elementor-divider-separator\">\n\t\t\t\t\t\t<\/span>\n\t\t<\/div>\n\t\t\t\t\t\t<\/div>\n\t\t\t\t<\/div>\n\t\t\t\t<div class=\"elementor-element elementor-element-94e34b7 elementor-widget elementor-widget-text-editor\" data-id=\"94e34b7\" data-element_type=\"widget\" data-widget_type=\"text-editor.default\">\n\t\t\t\t<div class=\"elementor-widget-container\">\n\t\t\t\t\t\t\t\t\t<p style=\"text-align: center;\">Ram\u00f3n es asesor y colabora en la estrategia de my FBA Logistics como miembro fundador. Aporta su experiencia de m\u00e1s de 15 a\u00f1os en la gesti\u00f3n de la Supply Chain en una de las empresas l\u00edderes en el mundo de productos de gran consumo en sus sedes de Par\u00eds, Madrid y Nueva York.<\/p><p style=\"text-align: center;\">Ramon graduated from Madrid\u2019s Nebrija University in Spain with a bachelor\u2019s degree in Engineering and post graduate in business.\u00a0<\/p>\t\t\t\t\t\t\t\t<\/div>\n\t\t\t\t<\/div>\n\t\t\t\t<div class=\"elementor-element elementor-element-fecd063 elementor-align-center elementor-invisible elementor-widget elementor-widget-button\" data-id=\"fecd063\" data-element_type=\"widget\" data-settings=\"{&quot;_animation&quot;:&quot;pulse&quot;}\" data-widget_type=\"button.default\">\n\t\t\t\t<div class=\"elementor-widget-container\">\n\t\t\t\t\t\t\t\t\t<div class=\"elementor-button-wrapper\">\n\t\t\t\t\t<a class=\"elementor-button elementor-button-link elementor-size-sm\" href=\"https:\/\/myfbalogistics.com\/en\/contacto\/\">\n\t\t\t\t\t\t<span class=\"elementor-button-content-wrapper\">\n\t\t\t\t\t\t\t\t\t<span class=\"elementor-button-text\">Contact<\/span>\n\t\t\t\t\t<\/span>\n\t\t\t\t\t<\/a>\n\t\t\t\t<\/div>\n\t\t\t\t\t\t\t\t<\/div>\n\t\t\t\t<\/div>\n\t\t\t\t<div class=\"elementor-element elementor-element-8f66f6c elementor-widget elementor-widget-image\" data-id=\"8f66f6c\" data-element_type=\"widget\" data-widget_type=\"image.default\">\n\t\t\t\t<div class=\"elementor-widget-container\">\n\t\t\t\t\t\t\t\t\t\t\t\t\t\t\t<img decoding=\"async\" src=\"https:\/\/myfbalogistics.com\/wp-content\/uploads\/elementor\/thumbs\/Foto-perfil-Ramon-Lucia-scaled-oqj6lyyyuexhaj41m7lcxa1swhi5slbrodsv2vph5k.jpg\" title=\"Foto perfil Ramon Lucia\" alt=\"Foto perfil Ramon Lucia\" loading=\"lazy\" \/>\t\t\t\t\t\t\t\t\t\t\t\t\t\t\t<\/div>\n\t\t\t\t<\/div>\n\t\t\t\t<div class=\"elementor-element elementor-element-6da416c elementor-shape-rounded elementor-grid-0 e-grid-align-center elementor-widget elementor-widget-social-icons\" data-id=\"6da416c\" data-element_type=\"widget\" data-widget_type=\"social-icons.default\">\n\t\t\t\t<div class=\"elementor-widget-container\">\n\t\t\t\t\t\t\t<div class=\"elementor-social-icons-wrapper elementor-grid\">\n\t\t\t\t\t\t\t<span class=\"elementor-grid-item\">\n\t\t\t\t\t<a class=\"elementor-icon elementor-social-icon elementor-social-icon-linkedin elementor-animation-pulse elementor-repeater-item-b8d694e\" href=\"https:\/\/www.linkedin.com\/in\/ramonlucia\/\" target=\"_blank\">\n\t\t\t\t\t\t<span class=\"elementor-screen-only\">Linkedin<\/span>\n\t\t\t\t\t\t<i class=\"fab fa-linkedin\"><\/i>\t\t\t\t\t<\/a>\n\t\t\t\t<\/span>\n\t\t\t\t\t<\/div>\n\t\t\t\t\t\t<\/div>\n\t\t\t\t<\/div>\n\t\t\t\t\t<\/div>\n\t\t<\/div>\n\t\t\t\t\t<\/div>\n\t\t<\/section>\n\t\t\t\t<\/div>","protected":false},"excerpt":{"rendered":"<p>Sobre nosotros La historia de my FBA Logistics Durante 2019 y tras varios a\u00f1os vendiendo en Amazon y otras plataformas online, nuestro equipo fundador se di\u00f3 cuenta que hab\u00eda claras oportunidades para optimizar el proceso de venta y reducir los costes a lo largo de la supply chain debido al aumento de complejidad y restricciones [&hellip;]<\/p>","protected":false},"author":2,"featured_media":0,"parent":0,"menu_order":0,"comment_status":"closed","ping_status":"closed","template":"","meta":{"_monsterinsights_skip_tracking":false,"_monsterinsights_sitenote_active":false,"_monsterinsights_sitenote_note":"","_monsterinsights_sitenote_category":0,"ocean_post_layout":"full-screen","ocean_both_sidebars_style":"","ocean_both_sidebars_content_width":0,"ocean_both_sidebars_sidebars_width":0,"ocean_sidebar":"0","ocean_second_sidebar":"0","ocean_disable_margins":"enable","ocean_add_body_class":"","ocean_shortcode_before_top_bar":"","ocean_shortcode_after_top_bar":"","ocean_shortcode_before_header":"","ocean_shortcode_after_header":"","ocean_has_shortcode":"","ocean_shortcode_after_title":"","ocean_shortcode_before_footer_widgets":"","ocean_shortcode_after_footer_widgets":"","ocean_shortcode_before_footer_bottom":"","ocean_shortcode_after_footer_bottom":"","ocean_display_top_bar":"default","ocean_display_header":"default","ocean_header_style":"","ocean_center_header_left_menu":"0","ocean_custom_header_template":"0","ocean_custom_logo":0,"ocean_custom_retina_logo":0,"ocean_custom_logo_max_width":0,"ocean_custom_logo_tablet_max_width":0,"ocean_custom_logo_mobile_max_width":0,"ocean_custom_logo_max_height":0,"ocean_custom_logo_tablet_max_height":0,"ocean_custom_logo_mobile_max_height":0,"ocean_header_custom_menu":"0","ocean_menu_typo_font_family":"0","ocean_menu_typo_font_subset":"","ocean_menu_typo_font_size":0,"ocean_menu_typo_font_size_tablet":0,"ocean_menu_typo_font_size_mobile":0,"ocean_menu_typo_font_size_unit":"px","ocean_menu_typo_font_weight":"","ocean_menu_typo_font_weight_tablet":"","ocean_menu_typo_font_weight_mobile":"","ocean_menu_typo_transform":"","ocean_menu_typo_transform_tablet":"","ocean_menu_typo_transform_mobile":"","ocean_menu_typo_line_height":0,"ocean_menu_typo_line_height_tablet":0,"ocean_menu_typo_line_height_mobile":0,"ocean_menu_typo_line_height_unit":"","ocean_menu_typo_spacing":0,"ocean_menu_typo_spacing_tablet":0,"ocean_menu_typo_spacing_mobile":0,"ocean_menu_typo_spacing_unit":"","ocean_menu_link_color":"","ocean_menu_link_color_hover":"","ocean_menu_link_color_active":"","ocean_menu_link_background":"","ocean_menu_link_hover_background":"","ocean_menu_link_active_background":"","ocean_menu_social_links_bg":"","ocean_menu_social_hover_links_bg":"","ocean_menu_social_links_color":"","ocean_menu_social_hover_links_color":"","ocean_disable_title":"on","ocean_disable_heading":"default","ocean_post_title":"","ocean_post_subheading":"","ocean_post_title_style":"","ocean_post_title_background_color":"","ocean_post_title_background":0,"ocean_post_title_bg_image_position":"","ocean_post_title_bg_image_attachment":"","ocean_post_title_bg_image_repeat":"","ocean_post_title_bg_image_size":"","ocean_post_title_height":0,"ocean_post_title_bg_overlay":0.5,"ocean_post_title_bg_overlay_color":"","ocean_disable_breadcrumbs":"default","ocean_breadcrumbs_color":"","ocean_breadcrumbs_separator_color":"","ocean_breadcrumbs_links_color":"","ocean_breadcrumbs_links_hover_color":"","ocean_display_footer_widgets":"default","ocean_display_footer_bottom":"default","ocean_custom_footer_template":"0","_joinchat":[],"footnotes":""},"class_list":["post-17","page","type-page","status-publish","hentry","entry"],"yoast_head":"<!-- This site is optimized with the Yoast SEO plugin v26.9 - https:\/\/yoast.com\/product\/yoast-seo-wordpress\/ -->\n<title>Sobre nosotros - my FBA Logistics<\/title>\n<meta name=\"robots\" content=\"index, follow, max-snippet:-1, max-image-preview:large, max-video-preview:-1\" \/>\n<link rel=\"canonical\" href=\"https:\/\/myfbalogistics.com\/en\/sobre-nosotros\/\" \/>\n<meta property=\"og:locale\" content=\"en_US\" \/>\n<meta property=\"og:type\" content=\"article\" \/>\n<meta property=\"og:title\" content=\"Sobre nosotros - my FBA Logistics\" \/>\n<meta property=\"og:description\" content=\"Sobre nosotros La historia de my FBA Logistics Durante 2019 y tras varios a\u00f1os vendiendo en Amazon y otras plataformas online, nuestro equipo fundador se di\u00f3 cuenta que hab\u00eda claras oportunidades para optimizar el proceso de venta y reducir los costes a lo largo de la supply chain debido al aumento de complejidad y restricciones [&hellip;]\" \/>\n<meta property=\"og:url\" content=\"https:\/\/myfbalogistics.com\/en\/sobre-nosotros\/\" \/>\n<meta property=\"og:site_name\" content=\"my FBA Logistics\" \/>\n<meta property=\"article:modified_time\" content=\"2024-02-27T06:05:30+00:00\" \/>\n<meta property=\"og:image\" content=\"https:\/\/myfbalogistics.com\/wp-content\/uploads\/elementor\/thumbs\/20190328_121842-1-oqjfdxfy4lg9vu5zna9rk1qpc66u5wnms87jg98fmg.jpg\" \/>\n<meta name=\"twitter:card\" content=\"summary_large_image\" \/>\n<meta name=\"twitter:label1\" content=\"Est. reading time\" \/>\n\t<meta name=\"twitter:data1\" content=\"2 minutes\" \/>\n<script type=\"application\/ld+json\" class=\"yoast-schema-graph\">{\"@context\":\"https:\/\/schema.org\",\"@graph\":[{\"@type\":\"WebPage\",\"@id\":\"https:\/\/myfbalogistics.com\/sobre-nosotros\/\",\"url\":\"https:\/\/myfbalogistics.com\/sobre-nosotros\/\",\"name\":\"Sobre nosotros - my FBA Logistics\",\"isPartOf\":{\"@id\":\"https:\/\/myfbalogistics.com\/#website\"},\"primaryImageOfPage\":{\"@id\":\"https:\/\/myfbalogistics.com\/sobre-nosotros\/#primaryimage\"},\"image\":{\"@id\":\"https:\/\/myfbalogistics.com\/sobre-nosotros\/#primaryimage\"},\"thumbnailUrl\":\"https:\/\/myfbalogistics.com\/wp-content\/uploads\/elementor\/thumbs\/20190328_121842-1-oqjfdxfy4lg9vu5zna9rk1qpc66u5wnms87jg98fmg.jpg\",\"datePublished\":\"2020-05-26T17:14:56+00:00\",\"dateModified\":\"2024-02-27T06:05:30+00:00\",\"breadcrumb\":{\"@id\":\"https:\/\/myfbalogistics.com\/sobre-nosotros\/#breadcrumb\"},\"inLanguage\":\"en-US\",\"potentialAction\":[{\"@type\":\"ReadAction\",\"target\":[\"https:\/\/myfbalogistics.com\/sobre-nosotros\/\"]}]},{\"@type\":\"ImageObject\",\"inLanguage\":\"en-US\",\"@id\":\"https:\/\/myfbalogistics.com\/sobre-nosotros\/#primaryimage\",\"url\":\"https:\/\/myfbalogistics.com\/wp-content\/uploads\/elementor\/thumbs\/20190328_121842-1-oqjfdxfy4lg9vu5zna9rk1qpc66u5wnms87jg98fmg.jpg\",\"contentUrl\":\"https:\/\/myfbalogistics.com\/wp-content\/uploads\/elementor\/thumbs\/20190328_121842-1-oqjfdxfy4lg9vu5zna9rk1qpc66u5wnms87jg98fmg.jpg\"},{\"@type\":\"BreadcrumbList\",\"@id\":\"https:\/\/myfbalogistics.com\/sobre-nosotros\/#breadcrumb\",\"itemListElement\":[{\"@type\":\"ListItem\",\"position\":1,\"name\":\"Home\",\"item\":\"https:\/\/myfbalogistics.com\/\"},{\"@type\":\"ListItem\",\"position\":2,\"name\":\"Sobre nosotros\"}]},{\"@type\":\"WebSite\",\"@id\":\"https:\/\/myfbalogistics.com\/#website\",\"url\":\"https:\/\/myfbalogistics.com\/\",\"name\":\"my FBA Logistics\",\"description\":\"Prep Center Amazon FBA Espa\u00f1a\",\"publisher\":{\"@id\":\"https:\/\/myfbalogistics.com\/#organization\"},\"potentialAction\":[{\"@type\":\"SearchAction\",\"target\":{\"@type\":\"EntryPoint\",\"urlTemplate\":\"https:\/\/myfbalogistics.com\/?s={search_term_string}\"},\"query-input\":{\"@type\":\"PropertyValueSpecification\",\"valueRequired\":true,\"valueName\":\"search_term_string\"}}],\"inLanguage\":\"en-US\"},{\"@type\":\"Organization\",\"@id\":\"https:\/\/myfbalogistics.com\/#organization\",\"name\":\"my FBA Logistics\",\"url\":\"https:\/\/myfbalogistics.com\/\",\"logo\":{\"@type\":\"ImageObject\",\"inLanguage\":\"en-US\",\"@id\":\"https:\/\/myfbalogistics.com\/#\/schema\/logo\/image\/\",\"url\":\"https:\/\/myfbalogistics.com\/wp-content\/uploads\/2020\/05\/LogoMakr_7PjcTw.png\",\"contentUrl\":\"https:\/\/myfbalogistics.com\/wp-content\/uploads\/2020\/05\/LogoMakr_7PjcTw.png\",\"width\":400,\"height\":89,\"caption\":\"my FBA Logistics\"},\"image\":{\"@id\":\"https:\/\/myfbalogistics.com\/#\/schema\/logo\/image\/\"}}]}<\/script>\n<!-- \/ Yoast SEO plugin. -->","yoast_head_json":{"title":"Sobre nosotros - my FBA Logistics","robots":{"index":"index","follow":"follow","max-snippet":"max-snippet:-1","max-image-preview":"max-image-preview:large","max-video-preview":"max-video-preview:-1"},"canonical":"https:\/\/myfbalogistics.com\/en\/sobre-nosotros\/","og_locale":"en_US","og_type":"article","og_title":"Sobre nosotros - my FBA Logistics","og_description":"Sobre nosotros La historia de my FBA Logistics Durante 2019 y tras varios a\u00f1os vendiendo en Amazon y otras plataformas online, nuestro equipo fundador se di\u00f3 cuenta que hab\u00eda claras oportunidades para optimizar el proceso de venta y reducir los costes a lo largo de la supply chain debido al aumento de complejidad y restricciones [&hellip;]","og_url":"https:\/\/myfbalogistics.com\/en\/sobre-nosotros\/","og_site_name":"my FBA Logistics","article_modified_time":"2024-02-27T06:05:30+00:00","og_image":[{"url":"https:\/\/myfbalogistics.com\/wp-content\/uploads\/elementor\/thumbs\/20190328_121842-1-oqjfdxfy4lg9vu5zna9rk1qpc66u5wnms87jg98fmg.jpg","type":"","width":"","height":""}],"twitter_card":"summary_large_image","twitter_misc":{"Est. reading time":"2 minutes"},"schema":{"@context":"https:\/\/schema.org","@graph":[{"@type":"WebPage","@id":"https:\/\/myfbalogistics.com\/sobre-nosotros\/","url":"https:\/\/myfbalogistics.com\/sobre-nosotros\/","name":"Sobre nosotros - my FBA Logistics","isPartOf":{"@id":"https:\/\/myfbalogistics.com\/#website"},"primaryImageOfPage":{"@id":"https:\/\/myfbalogistics.com\/sobre-nosotros\/#primaryimage"},"image":{"@id":"https:\/\/myfbalogistics.com\/sobre-nosotros\/#primaryimage"},"thumbnailUrl":"https:\/\/myfbalogistics.com\/wp-content\/uploads\/elementor\/thumbs\/20190328_121842-1-oqjfdxfy4lg9vu5zna9rk1qpc66u5wnms87jg98fmg.jpg","datePublished":"2020-05-26T17:14:56+00:00","dateModified":"2024-02-27T06:05:30+00:00","breadcrumb":{"@id":"https:\/\/myfbalogistics.com\/sobre-nosotros\/#breadcrumb"},"inLanguage":"en-US","potentialAction":[{"@type":"ReadAction","target":["https:\/\/myfbalogistics.com\/sobre-nosotros\/"]}]},{"@type":"ImageObject","inLanguage":"en-US","@id":"https:\/\/myfbalogistics.com\/sobre-nosotros\/#primaryimage","url":"https:\/\/myfbalogistics.com\/wp-content\/uploads\/elementor\/thumbs\/20190328_121842-1-oqjfdxfy4lg9vu5zna9rk1qpc66u5wnms87jg98fmg.jpg","contentUrl":"https:\/\/myfbalogistics.com\/wp-content\/uploads\/elementor\/thumbs\/20190328_121842-1-oqjfdxfy4lg9vu5zna9rk1qpc66u5wnms87jg98fmg.jpg"},{"@type":"BreadcrumbList","@id":"https:\/\/myfbalogistics.com\/sobre-nosotros\/#breadcrumb","itemListElement":[{"@type":"ListItem","position":1,"name":"Home","item":"https:\/\/myfbalogistics.com\/"},{"@type":"ListItem","position":2,"name":"Sobre nosotros"}]},{"@type":"WebSite","@id":"https:\/\/myfbalogistics.com\/#website","url":"https:\/\/myfbalogistics.com\/","name":"my FBA Logistics","description":"Prep Center Amazon FBA Espa\u00f1a","publisher":{"@id":"https:\/\/myfbalogistics.com\/#organization"},"potentialAction":[{"@type":"SearchAction","target":{"@type":"EntryPoint","urlTemplate":"https:\/\/myfbalogistics.com\/?s={search_term_string}"},"query-input":{"@type":"PropertyValueSpecification","valueRequired":true,"valueName":"search_term_string"}}],"inLanguage":"en-US"},{"@type":"Organization","@id":"https:\/\/myfbalogistics.com\/#organization","name":"my FBA Logistics","url":"https:\/\/myfbalogistics.com\/","logo":{"@type":"ImageObject","inLanguage":"en-US","@id":"https:\/\/myfbalogistics.com\/#\/schema\/logo\/image\/","url":"https:\/\/myfbalogistics.com\/wp-content\/uploads\/2020\/05\/LogoMakr_7PjcTw.png","contentUrl":"https:\/\/myfbalogistics.com\/wp-content\/uploads\/2020\/05\/LogoMakr_7PjcTw.png","width":400,"height":89,"caption":"my FBA Logistics"},"image":{"@id":"https:\/\/myfbalogistics.com\/#\/schema\/logo\/image\/"}}]}},"_links":{"self":[{"href":"https:\/\/myfbalogistics.com\/en\/wp-json\/wp\/v2\/pages\/17","targetHints":{"allow":["GET"]}}],"collection":[{"href":"https:\/\/myfbalogistics.com\/en\/wp-json\/wp\/v2\/pages"}],"about":[{"href":"https:\/\/myfbalogistics.com\/en\/wp-json\/wp\/v2\/types\/page"}],"author":[{"embeddable":true,"href":"https:\/\/myfbalogistics.com\/en\/wp-json\/wp\/v2\/users\/2"}],"replies":[{"embeddable":true,"href":"https:\/\/myfbalogistics.com\/en\/wp-json\/wp\/v2\/comments?post=17"}],"version-history":[{"count":5,"href":"https:\/\/myfbalogistics.com\/en\/wp-json\/wp\/v2\/pages\/17\/revisions"}],"predecessor-version":[{"id":916,"href":"https:\/\/myfbalogistics.com\/en\/wp-json\/wp\/v2\/pages\/17\/revisions\/916"}],"wp:attachment":[{"href":"https:\/\/myfbalogistics.com\/en\/wp-json\/wp\/v2\/media?parent=17"}],"curies":[{"name":"wp","href":"https:\/\/api.w.org\/{rel}","templated":true}]}}